{"id":67,"date":"2020-10-27T17:19:18","date_gmt":"2020-10-27T16:19:18","guid":{"rendered":"http:\/\/footlooselinedancers.dk\/?page_id=67"},"modified":"2023-06-17T13:14:36","modified_gmt":"2023-06-17T12:14:36","slug":"instruktoerer","status":"publish","type":"page","link":"https:\/\/footlooselinedancers.dk\/index.php\/instruktoerer-og-hold\/instruktoerer\/","title":{"rendered":"Instrukt\u00f8rer"},"content":{"rendered":"\n<p><\/p>\n\n\n<div class=\"wp-block-image\">\n<figure class=\"aligncenter size-medium\"><img loading=\"lazy\" decoding=\"async\" width=\"300\" height=\"236\" src=\"http:\/\/footlooselinedancers.dk\/wp-content\/uploads\/2020\/10\/Henrik-300x236.jpg\" alt=\"Instrukt\u00f8r Henrik\" class=\"wp-image-12\" srcset=\"https:\/\/footlooselinedancers.dk\/wp-content\/uploads\/2020\/10\/Henrik-300x236.jpg 300w, https:\/\/footlooselinedancers.dk\/wp-content\/uploads\/2020\/10\/Henrik-600x471.jpg 600w, https:\/\/footlooselinedancers.dk\/wp-content\/uploads\/2020\/10\/Henrik-1024x805.jpg 1024w, https:\/\/footlooselinedancers.dk\/wp-content\/uploads\/2020\/10\/Henrik-768x603.jpg 768w, https:\/\/footlooselinedancers.dk\/wp-content\/uploads\/2020\/10\/Henrik.jpg 1465w\" sizes=\"auto, (max-width: 300px) 100vw, 300px\" \/><\/figure>\n<\/div>\n\n\n<p class=\"has-text-align-center\">Instrukt\u00f8r: Henrik Lassen<br>Mobil: 42 94 93 96<br>Mail: <a href=\"mailto:henrikskouborglassen@gmail.com\">henrikskouborglassen@gmail.com<\/a><\/p>\n\n\n\n<p class=\"has-text-align-center\">_______________________________________________<br>&nbsp;&nbsp;<\/p>\n\n\n<div class=\"wp-block-image\">\n<figure class=\"aligncenter size-medium\"><img loading=\"lazy\" decoding=\"async\" width=\"300\" height=\"254\" src=\"http:\/\/footlooselinedancers.dk\/wp-content\/uploads\/2020\/10\/Randi-300x254.jpg\" alt=\"Instrukt\u00f8r Randi\" class=\"wp-image-15\" srcset=\"https:\/\/footlooselinedancers.dk\/wp-content\/uploads\/2020\/10\/Randi-300x254.jpg 300w, https:\/\/footlooselinedancers.dk\/wp-content\/uploads\/2020\/10\/Randi-600x508.jpg 600w, https:\/\/footlooselinedancers.dk\/wp-content\/uploads\/2020\/10\/Randi-1024x867.jpg 1024w, https:\/\/footlooselinedancers.dk\/wp-content\/uploads\/2020\/10\/Randi-768x650.jpg 768w, https:\/\/footlooselinedancers.dk\/wp-content\/uploads\/2020\/10\/Randi.jpg 1252w\" sizes=\"auto, (max-width: 300px) 100vw, 300px\" \/><\/figure>\n<\/div>\n\n\n<p class=\"has-text-align-center\">Instrukt\u00f8r: Randi Kvist Gislinge<br>Mobil: 22 22 19 96<br>Mail: <a href=\"mailto:randi@familienkvist.dk\">randi@familienkvist.dk<\/a><\/p>\n\n\n\n<p class=\"has-text-align-center\">_______________________________________________<\/p>\n\n\n<div class=\"wp-block-image\">\n<figure class=\"aligncenter size-medium\"><img loading=\"lazy\" decoding=\"async\" width=\"300\" height=\"282\" src=\"http:\/\/footlooselinedancers.dk\/wp-content\/uploads\/2020\/10\/Nina-300x282.jpg\" alt=\"Instrukt\u00f8r Nina\" class=\"wp-image-14\" srcset=\"https:\/\/footlooselinedancers.dk\/wp-content\/uploads\/2020\/10\/Nina-300x282.jpg 300w, https:\/\/footlooselinedancers.dk\/wp-content\/uploads\/2020\/10\/Nina-600x563.jpg 600w, https:\/\/footlooselinedancers.dk\/wp-content\/uploads\/2020\/10\/Nina-1024x961.jpg 1024w, https:\/\/footlooselinedancers.dk\/wp-content\/uploads\/2020\/10\/Nina-768x721.jpg 768w, https:\/\/footlooselinedancers.dk\/wp-content\/uploads\/2020\/10\/Nina.jpg 1244w\" sizes=\"auto, (max-width: 300px) 100vw, 300px\" \/><\/figure>\n<\/div>\n\n\n<p class=\"has-text-align-center\">Instrukt\u00f8r: Ninna Jensen<br>Mobil: 25 79 87 10<br>Mail: <a href=\"mailto:ninna.ole@gmail.com\">ninna.ole@gmail.com<\/a><\/p>\n","protected":false},"excerpt":{"rendered":"<p>Instrukt\u00f8r: Henrik LassenMobil: 42 94 93 96Mail: henrikskouborglassen@gmail.com _______________________________________________&nbsp;&nbsp; Instrukt\u00f8r: Randi Kvist GislingeMobil: 22 22 19 96Mail: randi@familienkvist.dk _______________________________________________ Instrukt\u00f8r: Ninna JensenMobil: 25 79 87 10Mail: ninna.ole@gmail.com<\/p>\n","protected":false},"author":1,"featured_media":0,"parent":308,"menu_order":0,"comment_status":"closed","ping_status":"closed","template":"","meta":{"_acf_changed":false,"ngg_post_thumbnail":0,"footnotes":""},"class_list":["post-67","page","type-page","status-publish","hentry"],"acf":[],"yoast_head":"<!-- This site is optimized with the Yoast SEO plugin v27.3 - https:\/\/yoast.com\/product\/yoast-seo-wordpress\/ -->\n<title>Instrukt\u00f8rer - Footloose Linedancers<\/title>\n<meta name=\"description\" content=\"Her kan du finde Footloose Linedancers linedance-instrukt\u00f8rer samt hvilke dage, tidspunkter og lokationer, der danses p\u00e5.\" \/>\n<meta name=\"robots\" content=\"index, follow, max-snippet:-1, max-image-preview:large, max-video-preview:-1\" \/>\n<link rel=\"canonical\" href=\"https:\/\/footlooselinedancers.dk\/index.php\/instruktoerer-og-hold\/instruktoerer\/\" \/>\n<meta property=\"og:locale\" content=\"da_DK\" \/>\n<meta property=\"og:type\" content=\"article\" \/>\n<meta property=\"og:title\" content=\"Instrukt\u00f8rer - Footloose Linedancers\" \/>\n<meta property=\"og:description\" content=\"Her kan du finde Footloose Linedancers linedance-instrukt\u00f8rer samt hvilke dage, tidspunkter og lokationer, der danses p\u00e5.\" \/>\n<meta property=\"og:url\" content=\"https:\/\/footlooselinedancers.dk\/index.php\/instruktoerer-og-hold\/instruktoerer\/\" \/>\n<meta property=\"og:site_name\" content=\"Footloose Linedancers\" \/>\n<meta property=\"article:modified_time\" content=\"2023-06-17T12:14:36+00:00\" \/>\n<meta property=\"og:image\" content=\"http:\/\/footlooselinedancers.dk\/wp-content\/uploads\/2020\/10\/Henrik-300x236.jpg\" \/>\n<meta name=\"twitter:card\" content=\"summary_large_image\" \/>\n<meta name=\"twitter:label1\" content=\"Estimeret l\u00e6setid\" \/>\n\t<meta name=\"twitter:data1\" content=\"1 minut\" \/>\n<script type=\"application\/ld+json\" class=\"yoast-schema-graph\">{\"@context\":\"https:\\\/\\\/schema.org\",\"@graph\":[{\"@type\":\"WebPage\",\"@id\":\"https:\\\/\\\/footlooselinedancers.dk\\\/index.php\\\/instruktoerer-og-hold\\\/instruktoerer\\\/\",\"url\":\"https:\\\/\\\/footlooselinedancers.dk\\\/index.php\\\/instruktoerer-og-hold\\\/instruktoerer\\\/\",\"name\":\"Instrukt\u00f8rer - Footloose Linedancers\",\"isPartOf\":{\"@id\":\"http:\\\/\\\/footlooselinedancers.dk\\\/#website\"},\"primaryImageOfPage\":{\"@id\":\"https:\\\/\\\/footlooselinedancers.dk\\\/index.php\\\/instruktoerer-og-hold\\\/instruktoerer\\\/#primaryimage\"},\"image\":{\"@id\":\"https:\\\/\\\/footlooselinedancers.dk\\\/index.php\\\/instruktoerer-og-hold\\\/instruktoerer\\\/#primaryimage\"},\"thumbnailUrl\":\"http:\\\/\\\/footlooselinedancers.dk\\\/wp-content\\\/uploads\\\/2020\\\/10\\\/Henrik-300x236.jpg\",\"datePublished\":\"2020-10-27T16:19:18+00:00\",\"dateModified\":\"2023-06-17T12:14:36+00:00\",\"description\":\"Her kan du finde Footloose Linedancers linedance-instrukt\u00f8rer samt hvilke dage, tidspunkter og lokationer, der danses p\u00e5.\",\"breadcrumb\":{\"@id\":\"https:\\\/\\\/footlooselinedancers.dk\\\/index.php\\\/instruktoerer-og-hold\\\/instruktoerer\\\/#breadcrumb\"},\"inLanguage\":\"da-DK\",\"potentialAction\":[{\"@type\":\"ReadAction\",\"target\":[\"https:\\\/\\\/footlooselinedancers.dk\\\/index.php\\\/instruktoerer-og-hold\\\/instruktoerer\\\/\"]}]},{\"@type\":\"ImageObject\",\"inLanguage\":\"da-DK\",\"@id\":\"https:\\\/\\\/footlooselinedancers.dk\\\/index.php\\\/instruktoerer-og-hold\\\/instruktoerer\\\/#primaryimage\",\"url\":\"https:\\\/\\\/footlooselinedancers.dk\\\/wp-content\\\/uploads\\\/2020\\\/10\\\/Henrik.jpg\",\"contentUrl\":\"https:\\\/\\\/footlooselinedancers.dk\\\/wp-content\\\/uploads\\\/2020\\\/10\\\/Henrik.jpg\",\"width\":1465,\"height\":1151,\"caption\":\"Instrukt\u00f8r Henrik\"},{\"@type\":\"BreadcrumbList\",\"@id\":\"https:\\\/\\\/footlooselinedancers.dk\\\/index.php\\\/instruktoerer-og-hold\\\/instruktoerer\\\/#breadcrumb\",\"itemListElement\":[{\"@type\":\"ListItem\",\"position\":1,\"name\":\"Hjem\",\"item\":\"https:\\\/\\\/footlooselinedancers.dk\\\/\"},{\"@type\":\"ListItem\",\"position\":2,\"name\":\"Instrukt\u00f8rer og hold\",\"item\":\"https:\\\/\\\/footlooselinedancers.dk\\\/index.php\\\/instruktoerer-og-hold\\\/\"},{\"@type\":\"ListItem\",\"position\":3,\"name\":\"Instrukt\u00f8rer\"}]},{\"@type\":\"WebSite\",\"@id\":\"http:\\\/\\\/footlooselinedancers.dk\\\/#website\",\"url\":\"http:\\\/\\\/footlooselinedancers.dk\\\/\",\"name\":\"Footloose Linedancers\",\"description\":\"LINEDANCE I HERNING\",\"publisher\":{\"@id\":\"http:\\\/\\\/footlooselinedancers.dk\\\/#organization\"},\"potentialAction\":[{\"@type\":\"SearchAction\",\"target\":{\"@type\":\"EntryPoint\",\"urlTemplate\":\"http:\\\/\\\/footlooselinedancers.dk\\\/?s={search_term_string}\"},\"query-input\":{\"@type\":\"PropertyValueSpecification\",\"valueRequired\":true,\"valueName\":\"search_term_string\"}}],\"inLanguage\":\"da-DK\"},{\"@type\":\"Organization\",\"@id\":\"http:\\\/\\\/footlooselinedancers.dk\\\/#organization\",\"name\":\"Footloose Linedancers\",\"url\":\"http:\\\/\\\/footlooselinedancers.dk\\\/\",\"logo\":{\"@type\":\"ImageObject\",\"inLanguage\":\"da-DK\",\"@id\":\"http:\\\/\\\/footlooselinedancers.dk\\\/#\\\/schema\\\/logo\\\/image\\\/\",\"url\":\"https:\\\/\\\/footlooselinedancers.dk\\\/wp-content\\\/uploads\\\/2023\\\/06\\\/Footloose_-_logo_-_hjemmeside-removebg-preview.png\",\"contentUrl\":\"https:\\\/\\\/footlooselinedancers.dk\\\/wp-content\\\/uploads\\\/2023\\\/06\\\/Footloose_-_logo_-_hjemmeside-removebg-preview.png\",\"width\":150,\"height\":100,\"caption\":\"Footloose Linedancers\"},\"image\":{\"@id\":\"http:\\\/\\\/footlooselinedancers.dk\\\/#\\\/schema\\\/logo\\\/image\\\/\"}}]}<\/script>\n<!-- \/ Yoast SEO plugin. -->","yoast_head_json":{"title":"Instrukt\u00f8rer - Footloose Linedancers","description":"Her kan du finde Footloose Linedancers linedance-instrukt\u00f8rer samt hvilke dage, tidspunkter og lokationer, der danses p\u00e5.","robots":{"index":"index","follow":"follow","max-snippet":"max-snippet:-1","max-image-preview":"max-image-preview:large","max-video-preview":"max-video-preview:-1"},"canonical":"https:\/\/footlooselinedancers.dk\/index.php\/instruktoerer-og-hold\/instruktoerer\/","og_locale":"da_DK","og_type":"article","og_title":"Instrukt\u00f8rer - Footloose Linedancers","og_description":"Her kan du finde Footloose Linedancers linedance-instrukt\u00f8rer samt hvilke dage, tidspunkter og lokationer, der danses p\u00e5.","og_url":"https:\/\/footlooselinedancers.dk\/index.php\/instruktoerer-og-hold\/instruktoerer\/","og_site_name":"Footloose Linedancers","article_modified_time":"2023-06-17T12:14:36+00:00","og_image":[{"url":"http:\/\/footlooselinedancers.dk\/wp-content\/uploads\/2020\/10\/Henrik-300x236.jpg","type":"","width":"","height":""}],"twitter_card":"summary_large_image","twitter_misc":{"Estimeret l\u00e6setid":"1 minut"},"schema":{"@context":"https:\/\/schema.org","@graph":[{"@type":"WebPage","@id":"https:\/\/footlooselinedancers.dk\/index.php\/instruktoerer-og-hold\/instruktoerer\/","url":"https:\/\/footlooselinedancers.dk\/index.php\/instruktoerer-og-hold\/instruktoerer\/","name":"Instrukt\u00f8rer - Footloose Linedancers","isPartOf":{"@id":"http:\/\/footlooselinedancers.dk\/#website"},"primaryImageOfPage":{"@id":"https:\/\/footlooselinedancers.dk\/index.php\/instruktoerer-og-hold\/instruktoerer\/#primaryimage"},"image":{"@id":"https:\/\/footlooselinedancers.dk\/index.php\/instruktoerer-og-hold\/instruktoerer\/#primaryimage"},"thumbnailUrl":"http:\/\/footlooselinedancers.dk\/wp-content\/uploads\/2020\/10\/Henrik-300x236.jpg","datePublished":"2020-10-27T16:19:18+00:00","dateModified":"2023-06-17T12:14:36+00:00","description":"Her kan du finde Footloose Linedancers linedance-instrukt\u00f8rer samt hvilke dage, tidspunkter og lokationer, der danses p\u00e5.","breadcrumb":{"@id":"https:\/\/footlooselinedancers.dk\/index.php\/instruktoerer-og-hold\/instruktoerer\/#breadcrumb"},"inLanguage":"da-DK","potentialAction":[{"@type":"ReadAction","target":["https:\/\/footlooselinedancers.dk\/index.php\/instruktoerer-og-hold\/instruktoerer\/"]}]},{"@type":"ImageObject","inLanguage":"da-DK","@id":"https:\/\/footlooselinedancers.dk\/index.php\/instruktoerer-og-hold\/instruktoerer\/#primaryimage","url":"https:\/\/footlooselinedancers.dk\/wp-content\/uploads\/2020\/10\/Henrik.jpg","contentUrl":"https:\/\/footlooselinedancers.dk\/wp-content\/uploads\/2020\/10\/Henrik.jpg","width":1465,"height":1151,"caption":"Instrukt\u00f8r Henrik"},{"@type":"BreadcrumbList","@id":"https:\/\/footlooselinedancers.dk\/index.php\/instruktoerer-og-hold\/instruktoerer\/#breadcrumb","itemListElement":[{"@type":"ListItem","position":1,"name":"Hjem","item":"https:\/\/footlooselinedancers.dk\/"},{"@type":"ListItem","position":2,"name":"Instrukt\u00f8rer og hold","item":"https:\/\/footlooselinedancers.dk\/index.php\/instruktoerer-og-hold\/"},{"@type":"ListItem","position":3,"name":"Instrukt\u00f8rer"}]},{"@type":"WebSite","@id":"http:\/\/footlooselinedancers.dk\/#website","url":"http:\/\/footlooselinedancers.dk\/","name":"Footloose Linedancers","description":"LINEDANCE I HERNING","publisher":{"@id":"http:\/\/footlooselinedancers.dk\/#organization"},"potentialAction":[{"@type":"SearchAction","target":{"@type":"EntryPoint","urlTemplate":"http:\/\/footlooselinedancers.dk\/?s={search_term_string}"},"query-input":{"@type":"PropertyValueSpecification","valueRequired":true,"valueName":"search_term_string"}}],"inLanguage":"da-DK"},{"@type":"Organization","@id":"http:\/\/footlooselinedancers.dk\/#organization","name":"Footloose Linedancers","url":"http:\/\/footlooselinedancers.dk\/","logo":{"@type":"ImageObject","inLanguage":"da-DK","@id":"http:\/\/footlooselinedancers.dk\/#\/schema\/logo\/image\/","url":"https:\/\/footlooselinedancers.dk\/wp-content\/uploads\/2023\/06\/Footloose_-_logo_-_hjemmeside-removebg-preview.png","contentUrl":"https:\/\/footlooselinedancers.dk\/wp-content\/uploads\/2023\/06\/Footloose_-_logo_-_hjemmeside-removebg-preview.png","width":150,"height":100,"caption":"Footloose Linedancers"},"image":{"@id":"http:\/\/footlooselinedancers.dk\/#\/schema\/logo\/image\/"}}]}},"_links":{"self":[{"href":"https:\/\/footlooselinedancers.dk\/index.php\/wp-json\/wp\/v2\/pages\/67","targetHints":{"allow":["GET"]}}],"collection":[{"href":"https:\/\/footlooselinedancers.dk\/index.php\/wp-json\/wp\/v2\/pages"}],"about":[{"href":"https:\/\/footlooselinedancers.dk\/index.php\/wp-json\/wp\/v2\/types\/page"}],"author":[{"embeddable":true,"href":"https:\/\/footlooselinedancers.dk\/index.php\/wp-json\/wp\/v2\/users\/1"}],"replies":[{"embeddable":true,"href":"https:\/\/footlooselinedancers.dk\/index.php\/wp-json\/wp\/v2\/comments?post=67"}],"version-history":[{"count":12,"href":"https:\/\/footlooselinedancers.dk\/index.php\/wp-json\/wp\/v2\/pages\/67\/revisions"}],"predecessor-version":[{"id":1047,"href":"https:\/\/footlooselinedancers.dk\/index.php\/wp-json\/wp\/v2\/pages\/67\/revisions\/1047"}],"up":[{"embeddable":true,"href":"https:\/\/footlooselinedancers.dk\/index.php\/wp-json\/wp\/v2\/pages\/308"}],"wp:attachment":[{"href":"https:\/\/footlooselinedancers.dk\/index.php\/wp-json\/wp\/v2\/media?parent=67"}],"curies":[{"name":"wp","href":"https:\/\/api.w.org\/{rel}","templated":true}]}}