{"id":5799,"date":"2026-02-28T21:15:21","date_gmt":"2026-02-28T20:15:21","guid":{"rendered":"https:\/\/footlooselinedancers.dk\/?page_id=5799"},"modified":"2026-04-07T14:30:11","modified_gmt":"2026-04-07T13:30:11","slug":"tilmelding-2","status":"publish","type":"page","link":"https:\/\/footlooselinedancers.dk\/index.php\/tilmelding-2\/","title":{"rendered":"Tilmelding s\u00e6son 2026\/2027"},"content":{"rendered":"\t\t<div data-elementor-type=\"wp-page\" data-elementor-id=\"5799\" class=\"elementor elementor-5799\" data-elementor-post-type=\"page\">\n\t\t\t\t<div class=\"elementor-element elementor-element-759567e8 e-flex e-con-boxed e-con e-parent\" data-id=\"759567e8\" data-element_type=\"container\" data-e-type=\"container\">\n\t\t\t\t\t<div class=\"e-con-inner\">\n\t\t\t\t<div class=\"elementor-element elementor-element-e484323 elementor-widget elementor-widget-heading\" data-id=\"e484323\" data-element_type=\"widget\" data-e-type=\"widget\" data-widget_type=\"heading.default\">\n\t\t\t\t<div class=\"elementor-widget-container\">\n\t\t\t\t\t<h2 class=\"elementor-heading-title elementor-size-default\">Tilmelding s\u00e6son 2026\/2027<\/h2>\t\t\t\t<\/div>\n\t\t\t\t<\/div>\n\t\t\t\t<div class=\"elementor-element elementor-element-a87c2e0 elementor-widget elementor-widget-text-editor\" data-id=\"a87c2e0\" data-element_type=\"widget\" data-e-type=\"widget\" data-widget_type=\"text-editor.default\">\n\t\t\t\t<div class=\"elementor-widget-container\">\n\t\t\t\t\t\t\t\t\t<p>Nedenunder skal du v\u00e6lge hvilke hold du vil danse p\u00e5. Det koster 800 kroner at danse i Footloose Linedancers pr. s\u00e6son og 150 kroner hvis du ikke skal danse men bare \u00f8nsker et medlemsskab. Du kan v\u00e6lge alle de hold du gerne vil. Hvis du har brug for hj\u00e6lp til at finde ud af hvad der er det rigtige niveau for dig, er du velkommen til at kontakte en af vores instrukt\u00f8rerer. <br \/><br \/>N\u00e5r du har meldt dig ind modtager du en mail som indeholder betalingsoplysninger &#8211; du er f\u00f8rst medlem n\u00e5r du har betalt. <br \/><br \/>Du skal til slut udfylde din f\u00f8dselsdato. Husk \u00e5rstallet, som vi skal bruge n\u00e5r vi skal indberette klubbens medlemmer til Herning kommune.<\/p>\t\t\t\t\t\t\t\t<\/div>\n\t\t\t\t<\/div>\n\t\t\t\t<div class=\"elementor-element elementor-element-6251a69d elementor-widget elementor-widget-text-editor\" data-id=\"6251a69d\" data-element_type=\"widget\" data-e-type=\"widget\" data-widget_type=\"text-editor.default\">\n\t\t\t\t<div class=\"elementor-widget-container\">\n\t\t\t\t\t\t\t\t\t<style>\n      .ckv-dance-wrap{max-width:900px;margin:0 auto;padding:14px}\n      .ckv-card{border:1px solid #e6e6e6;border-radius:16px;padding:16px;box-shadow:0 6px 18px rgba(0,0,0,.05);background:#fff}\n      .ckv-grid{display:grid;grid-template-columns:1.3fr .9fr;gap:14px}\n      .ckv-h1{font-size:1.45rem;line-height:1.2;margin:0 0 8px}\n      .ckv-muted{opacity:.8;margin:0 0 10px}\n      .ckv-pricebox{border:1px dashed #d8d8d8;border-radius:14px;padding:12px;margin:10px 0;background:rgba(0,0,0,.02)}\n      .ckv-pricebox b{font-size:1.1rem}\n      .ckv-holds{margin-top:10px}\n      .ckv-hold{display:flex;gap:10px;align-items:flex-start;padding:10px;border:1px solid #eee;border-radius:12px;margin:8px 0}\n      .ckv-hold input{margin-top:3px;transform:scale(1.1)}\n      .ckv-btn{display:inline-flex;justify-content:center;align-items:center;width:100%;padding:14px 16px;border-radius:14px;border:0;cursor:pointer;font-weight:700}\n      .ckv-btn:hover{filter:brightness(.97)}\n      .ckv-note{white-space:pre-line;margin:8px 0 0}\n      .ckv-foot{margin-top:10px;font-size:.95rem;opacity:.85}\n      .ckv-field{margin:14px 0}\n      .ckv-field label{display:block;font-weight:600;margin-bottom:6px}\n      .ckv-field input[type=\"date\"]{width:100%;padding:12px;border:1px solid #ddd;border-radius:12px}\n      .ckv-error{margin:0 0 14px;padding:12px 14px;border:1px solid #e0b4b4;background:#fff6f6;color:#a94442;border-radius:12px}\n\t\t.ckv-btn::before,\n\t\t.ckv-btn::after { display:none !important; }\n\t\t.ckv-holds br { display:none !important; }\n\t\t\t\t .ckv-btn br { display:none !important; }\n\t@media (max-width: 820px){\n        .ckv-grid{grid-template-columns:1fr}<\/p>\n<p>      }\n    <\/style>\n<div class=\"ckv-dance-wrap\">\n<div class=\"ckv-card\">\n<div>\n<h2 class=\"ckv-h1\"><\/h2>\n<p class=\"ckv-muted\">\n<form method=\"post\" class=\"ckv-form\">\n<h4 style=\"margin:12px 0 6px;\">V\u00e6lg hold du vil danse p\u00e5<\/h4>\n<div class=\"ckv-holds\">\n                                  <label class=\"ckv-hold\"><br \/>\n                    <input\n                      type=\"checkbox\"\n                      name=\"dance_holds[]\"\n                      value=\"Let\u00f8vet K\u00f8lk\u00e6r Mandag kl. 18-19\"\n                                          ><br \/>\n                    <span>Let\u00f8vet K\u00f8lk\u00e6r Mandag kl. 18-19<\/span><br \/>\n                  <\/label><br \/>\n                                  <label class=\"ckv-hold\"><br \/>\n                    <input\n                      type=\"checkbox\"\n                      name=\"dance_holds[]\"\n                      value=\"Let\u00f8vet + K\u00f8lk\u00e6r Mandag kl. 20-21.30\"\n                                          ><br \/>\n                    <span>Let\u00f8vet + K\u00f8lk\u00e6r Mandag kl. 20-21.30<\/span><br \/>\n                  <\/label><br \/>\n                                  <label class=\"ckv-hold\"><br \/>\n                    <input\n                      type=\"checkbox\"\n                      name=\"dance_holds[]\"\n                      value=\"Begynder K\u00f8lk\u00e6r Tirsdag kl. 18.00-18.55\"\n                                          ><br \/>\n                    <span>Begynder K\u00f8lk\u00e6r Tirsdag kl. 18.00-18.55<\/span><br \/>\n                  <\/label><br \/>\n                                  <label class=\"ckv-hold\"><br \/>\n                    <input\n                      type=\"checkbox\"\n                      name=\"dance_holds[]\"\n                      value=\"Begynder + K\u00f8lk\u00e6r Tirsdag kl. 19.05-20.00\"\n                                          ><br \/>\n                    <span>Begynder + K\u00f8lk\u00e6r Tirsdag kl. 19.05-20.00<\/span><br \/>\n                  <\/label><br \/>\n                                  <label class=\"ckv-hold\"><br \/>\n                    <input\n                      type=\"checkbox\"\n                      name=\"dance_holds[]\"\n                      value=\"Begynder Hammerum Onsdag kl. 18.30-19.30\"\n                                          ><br \/>\n                    <span>Begynder Hammerum Onsdag kl. 18.30-19.30<\/span><br \/>\n                  <\/label><br \/>\n                                  <label class=\"ckv-hold\"><br \/>\n                    <input\n                      type=\"checkbox\"\n                      name=\"dance_holds[]\"\n                      value=\"Begynder + Hammerum Torsdag kl. 18.00-19.00\"\n                                          ><br \/>\n                    <span>Begynder + Hammerum Torsdag kl. 18.00-19.00<\/span><br \/>\n                  <\/label><br \/>\n                                  <label class=\"ckv-hold\"><br \/>\n                    <input\n                      type=\"checkbox\"\n                      name=\"dance_holds[]\"\n                      value=\"Let\u00f8vet Hammerum Torsdag kl. 19.15-20.15\"\n                                          ><br \/>\n                    <span>Let\u00f8vet Hammerum Torsdag kl. 19.15-20.15<\/span><br \/>\n                  <\/label>\n                              <\/div>\n<hr>\n<h4 style=\"margin:12px 0 6px;\">Bem\u00e6rk &#8211; du SKAL udfylde din f\u00f8dselsdato. <\/h4>\n<div class=\"ckv-field\">\n                <label for=\"dance_birthdate\">F\u00f8dselsdato *<\/label><br \/>\n                <input\n                  type=\"text\"\n                  id=\"dance_birthdate\"\n                  name=\"dance_birthdate\"\n\t\t\t      placeholder=\"DD-MM-\u00c5\u00c5\u00c5\u00c5\"\n                  value=\"\"\n                  \n                >\n              <\/div>\n<p>              <input type=\"hidden\" name=\"dance_product_id\" value=\"5759\"><br \/>\n              <input type=\"hidden\" id=\"ckv_dance_nonce\" name=\"ckv_dance_nonce\" value=\"52fba3b72a\" \/><input type=\"hidden\" name=\"_wp_http_referer\" value=\"\/index.php\/wp-json\/wp\/v2\/pages\/5799\" \/><br \/>\n              <button class=\"ckv-btn\" type=\"submit\" name=\"ckv_dance_submit\" id=\"ckv-submit-btn\" value=\"1\"><br \/>\n                Tilmeld<br \/>\n              <\/button><br \/>\n            <\/form>\n<\/p><\/div>\n<div>\n<h3 style=\"margin:0 0 6px;\"><\/h3>\n<div class=\"ckv-note\"><\/div>\n<\/p><\/div>\n<\/p><\/div>\n<\/p><\/div>\n<p>    <script>\n      (function(){\n        const checks = document.querySelectorAll('input[name=\"dance_holds[]\"]');\n        const btn = document.getElementById('ckv-submit-btn');<\/p>\n<p>        const priceNo = \"150,00\";\n        const priceYes = \"800,00\";<\/p>\n<p>        function updateButton(){\n          let any = false;\n          checks.forEach(c => { if (c.checked) any = true; });<\/p>\n<p>          const finalPrice = any ? priceYes : priceNo;\n          btn.innerHTML = \"Tilmeld\";\n        }<\/p>\n<p>        checks.forEach(c => c.addEventListener('change', updateButton));\n        updateButton();\n      })();\n    <\/script><\/p>\n\n\n\n<p><\/p>\n\t\t\t\t\t\t\t\t<\/div>\n\t\t\t\t<\/div>\n\t\t\t\t\t<\/div>\n\t\t\t\t<\/div>\n\t\t\t\t<\/div>\n\t\t","protected":false},"excerpt":{"rendered":"<p>Tilmelding s\u00e6son 2026\/2027 Nedenunder skal du v\u00e6lge hvilke hold du vil danse p\u00e5. Det koster 800 kroner at danse i Footloose Linedancers pr. s\u00e6son og 150 kroner hvis du ikke skal danse men bare \u00f8nsker et medlemsskab. Du kan v\u00e6lge alle de hold du gerne vil. Hvis du har brug [&hellip;]<\/p>\n","protected":false},"author":1,"featured_media":0,"parent":0,"menu_order":0,"comment_status":"closed","ping_status":"closed","template":"","meta":{"_acf_changed":false,"ngg_post_thumbnail":0,"footnotes":""},"class_list":["post-5799","page","type-page","status-publish","hentry"],"acf":[],"yoast_head":"<!-- This site is optimized with the Yoast SEO plugin v27.3 - https:\/\/yoast.com\/product\/yoast-seo-wordpress\/ -->\n<title>Tilmelding s\u00e6son 2026\/2027 - Footloose Linedancers<\/title>\n<meta name=\"robots\" content=\"index, follow, max-snippet:-1, max-image-preview:large, max-video-preview:-1\" \/>\n<link rel=\"canonical\" href=\"https:\/\/footlooselinedancers.dk\/index.php\/tilmelding-2\/\" \/>\n<meta property=\"og:locale\" content=\"da_DK\" \/>\n<meta property=\"og:type\" content=\"article\" \/>\n<meta property=\"og:title\" content=\"Tilmelding s\u00e6son 2026\/2027 - Footloose Linedancers\" \/>\n<meta property=\"og:description\" content=\"Tilmelding s\u00e6son 2026\/2027 Nedenunder skal du v\u00e6lge hvilke hold du vil danse p\u00e5. Det koster 800 kroner at danse i Footloose Linedancers pr. s\u00e6son og 150 kroner hvis du ikke skal danse men bare \u00f8nsker et medlemsskab. Du kan v\u00e6lge alle de hold du gerne vil. Hvis du har brug [&hellip;]\" \/>\n<meta property=\"og:url\" content=\"https:\/\/footlooselinedancers.dk\/index.php\/tilmelding-2\/\" \/>\n<meta property=\"og:site_name\" content=\"Footloose Linedancers\" \/>\n<meta property=\"article:modified_time\" content=\"2026-04-07T13:30:11+00:00\" \/>\n<meta name=\"twitter:card\" content=\"summary_large_image\" \/>\n<meta name=\"twitter:label1\" content=\"Estimeret l\u00e6setid\" \/>\n\t<meta name=\"twitter:data1\" content=\"1 minut\" \/>\n<script type=\"application\/ld+json\" class=\"yoast-schema-graph\">{\"@context\":\"https:\\\/\\\/schema.org\",\"@graph\":[{\"@type\":\"WebPage\",\"@id\":\"https:\\\/\\\/footlooselinedancers.dk\\\/index.php\\\/tilmelding-2\\\/\",\"url\":\"https:\\\/\\\/footlooselinedancers.dk\\\/index.php\\\/tilmelding-2\\\/\",\"name\":\"Tilmelding s\u00e6son 2026\\\/2027 - Footloose Linedancers\",\"isPartOf\":{\"@id\":\"http:\\\/\\\/footlooselinedancers.dk\\\/#website\"},\"datePublished\":\"2026-02-28T20:15:21+00:00\",\"dateModified\":\"2026-04-07T13:30:11+00:00\",\"breadcrumb\":{\"@id\":\"https:\\\/\\\/footlooselinedancers.dk\\\/index.php\\\/tilmelding-2\\\/#breadcrumb\"},\"inLanguage\":\"da-DK\",\"potentialAction\":[{\"@type\":\"ReadAction\",\"target\":[\"https:\\\/\\\/footlooselinedancers.dk\\\/index.php\\\/tilmelding-2\\\/\"]}]},{\"@type\":\"BreadcrumbList\",\"@id\":\"https:\\\/\\\/footlooselinedancers.dk\\\/index.php\\\/tilmelding-2\\\/#breadcrumb\",\"itemListElement\":[{\"@type\":\"ListItem\",\"position\":1,\"name\":\"Hjem\",\"item\":\"https:\\\/\\\/footlooselinedancers.dk\\\/\"},{\"@type\":\"ListItem\",\"position\":2,\"name\":\"Tilmelding s\u00e6son 2026\\\/2027\"}]},{\"@type\":\"WebSite\",\"@id\":\"http:\\\/\\\/footlooselinedancers.dk\\\/#website\",\"url\":\"http:\\\/\\\/footlooselinedancers.dk\\\/\",\"name\":\"Footloose Linedancers\",\"description\":\"LINEDANCE I HERNING\",\"publisher\":{\"@id\":\"http:\\\/\\\/footlooselinedancers.dk\\\/#organization\"},\"potentialAction\":[{\"@type\":\"SearchAction\",\"target\":{\"@type\":\"EntryPoint\",\"urlTemplate\":\"http:\\\/\\\/footlooselinedancers.dk\\\/?s={search_term_string}\"},\"query-input\":{\"@type\":\"PropertyValueSpecification\",\"valueRequired\":true,\"valueName\":\"search_term_string\"}}],\"inLanguage\":\"da-DK\"},{\"@type\":\"Organization\",\"@id\":\"http:\\\/\\\/footlooselinedancers.dk\\\/#organization\",\"name\":\"Footloose Linedancers\",\"url\":\"http:\\\/\\\/footlooselinedancers.dk\\\/\",\"logo\":{\"@type\":\"ImageObject\",\"inLanguage\":\"da-DK\",\"@id\":\"http:\\\/\\\/footlooselinedancers.dk\\\/#\\\/schema\\\/logo\\\/image\\\/\",\"url\":\"https:\\\/\\\/footlooselinedancers.dk\\\/wp-content\\\/uploads\\\/2023\\\/06\\\/Footloose_-_logo_-_hjemmeside-removebg-preview.png\",\"contentUrl\":\"https:\\\/\\\/footlooselinedancers.dk\\\/wp-content\\\/uploads\\\/2023\\\/06\\\/Footloose_-_logo_-_hjemmeside-removebg-preview.png\",\"width\":150,\"height\":100,\"caption\":\"Footloose Linedancers\"},\"image\":{\"@id\":\"http:\\\/\\\/footlooselinedancers.dk\\\/#\\\/schema\\\/logo\\\/image\\\/\"}}]}<\/script>\n<!-- \/ Yoast SEO plugin. -->","yoast_head_json":{"title":"Tilmelding s\u00e6son 2026\/2027 - Footloose Linedancers","robots":{"index":"index","follow":"follow","max-snippet":"max-snippet:-1","max-image-preview":"max-image-preview:large","max-video-preview":"max-video-preview:-1"},"canonical":"https:\/\/footlooselinedancers.dk\/index.php\/tilmelding-2\/","og_locale":"da_DK","og_type":"article","og_title":"Tilmelding s\u00e6son 2026\/2027 - Footloose Linedancers","og_description":"Tilmelding s\u00e6son 2026\/2027 Nedenunder skal du v\u00e6lge hvilke hold du vil danse p\u00e5. Det koster 800 kroner at danse i Footloose Linedancers pr. s\u00e6son og 150 kroner hvis du ikke skal danse men bare \u00f8nsker et medlemsskab. Du kan v\u00e6lge alle de hold du gerne vil. Hvis du har brug [&hellip;]","og_url":"https:\/\/footlooselinedancers.dk\/index.php\/tilmelding-2\/","og_site_name":"Footloose Linedancers","article_modified_time":"2026-04-07T13:30:11+00:00","twitter_card":"summary_large_image","twitter_misc":{"Estimeret l\u00e6setid":"1 minut"},"schema":{"@context":"https:\/\/schema.org","@graph":[{"@type":"WebPage","@id":"https:\/\/footlooselinedancers.dk\/index.php\/tilmelding-2\/","url":"https:\/\/footlooselinedancers.dk\/index.php\/tilmelding-2\/","name":"Tilmelding s\u00e6son 2026\/2027 - Footloose Linedancers","isPartOf":{"@id":"http:\/\/footlooselinedancers.dk\/#website"},"datePublished":"2026-02-28T20:15:21+00:00","dateModified":"2026-04-07T13:30:11+00:00","breadcrumb":{"@id":"https:\/\/footlooselinedancers.dk\/index.php\/tilmelding-2\/#breadcrumb"},"inLanguage":"da-DK","potentialAction":[{"@type":"ReadAction","target":["https:\/\/footlooselinedancers.dk\/index.php\/tilmelding-2\/"]}]},{"@type":"BreadcrumbList","@id":"https:\/\/footlooselinedancers.dk\/index.php\/tilmelding-2\/#breadcrumb","itemListElement":[{"@type":"ListItem","position":1,"name":"Hjem","item":"https:\/\/footlooselinedancers.dk\/"},{"@type":"ListItem","position":2,"name":"Tilmelding s\u00e6son 2026\/2027"}]},{"@type":"WebSite","@id":"http:\/\/footlooselinedancers.dk\/#website","url":"http:\/\/footlooselinedancers.dk\/","name":"Footloose Linedancers","description":"LINEDANCE I HERNING","publisher":{"@id":"http:\/\/footlooselinedancers.dk\/#organization"},"potentialAction":[{"@type":"SearchAction","target":{"@type":"EntryPoint","urlTemplate":"http:\/\/footlooselinedancers.dk\/?s={search_term_string}"},"query-input":{"@type":"PropertyValueSpecification","valueRequired":true,"valueName":"search_term_string"}}],"inLanguage":"da-DK"},{"@type":"Organization","@id":"http:\/\/footlooselinedancers.dk\/#organization","name":"Footloose Linedancers","url":"http:\/\/footlooselinedancers.dk\/","logo":{"@type":"ImageObject","inLanguage":"da-DK","@id":"http:\/\/footlooselinedancers.dk\/#\/schema\/logo\/image\/","url":"https:\/\/footlooselinedancers.dk\/wp-content\/uploads\/2023\/06\/Footloose_-_logo_-_hjemmeside-removebg-preview.png","contentUrl":"https:\/\/footlooselinedancers.dk\/wp-content\/uploads\/2023\/06\/Footloose_-_logo_-_hjemmeside-removebg-preview.png","width":150,"height":100,"caption":"Footloose Linedancers"},"image":{"@id":"http:\/\/footlooselinedancers.dk\/#\/schema\/logo\/image\/"}}]}},"_links":{"self":[{"href":"https:\/\/footlooselinedancers.dk\/index.php\/wp-json\/wp\/v2\/pages\/5799","targetHints":{"allow":["GET"]}}],"collection":[{"href":"https:\/\/footlooselinedancers.dk\/index.php\/wp-json\/wp\/v2\/pages"}],"about":[{"href":"https:\/\/footlooselinedancers.dk\/index.php\/wp-json\/wp\/v2\/types\/page"}],"author":[{"embeddable":true,"href":"https:\/\/footlooselinedancers.dk\/index.php\/wp-json\/wp\/v2\/users\/1"}],"replies":[{"embeddable":true,"href":"https:\/\/footlooselinedancers.dk\/index.php\/wp-json\/wp\/v2\/comments?post=5799"}],"version-history":[{"count":9,"href":"https:\/\/footlooselinedancers.dk\/index.php\/wp-json\/wp\/v2\/pages\/5799\/revisions"}],"predecessor-version":[{"id":5893,"href":"https:\/\/footlooselinedancers.dk\/index.php\/wp-json\/wp\/v2\/pages\/5799\/revisions\/5893"}],"wp:attachment":[{"href":"https:\/\/footlooselinedancers.dk\/index.php\/wp-json\/wp\/v2\/media?parent=5799"}],"curies":[{"name":"wp","href":"https:\/\/api.w.org\/{rel}","templated":true}]}}