{"id":57,"date":"2020-10-27T16:37:41","date_gmt":"2020-10-27T15:37:41","guid":{"rendered":"http:\/\/footlooselinedancers.dk\/?page_id=57"},"modified":"2025-06-11T18:50:10","modified_gmt":"2025-06-11T17:50:10","slug":"holdbeskrivelser","status":"publish","type":"page","link":"https:\/\/footlooselinedancers.dk\/index.php\/holdbeskrivelser\/","title":{"rendered":"Holdbeskrivelser"},"content":{"rendered":"<h4>Begynder\u00a0+ \u2013 K\u00f8lk\u00e6r \u2013 Mandag kl. 17.30-18.30<\/h4>\t\t\t\t\n\t\t<ul>\n<li>For dig, som har styr p\u00e5 det vigtigste grundtrin<\/li>\n<!-- \/wp:post-content --><!-- wp:list-item -->\n<li>Dansene udl\u00e6res grundigt og i lavt tempo<\/li>\n<!-- \/wp:list-item --><!-- wp:list-item -->\n<li>Der danses prim\u00e6rt til country-musik<\/li>\n<!-- \/wp:list-item --><!-- wp:list-item -->\n<li>Dansene vil v\u00e6re p\u00e5 absolut beginner-, high beginner- og low improver-niveau<\/li>\n<\/ul>\t\t\n\t\t\t\t\t<h4>Improver\u00a0\u2013 K\u00f8lk\u00e6r \u2013 Mandag kl. 19.30-21.00<\/h4>\t\t\t\t\n\t\t<ul>\n<li>Du har styr p\u00e5 grundtrinene i linedance<\/li>\n<li>Dansene udl\u00e6res i et tempo, der svarer til niveauet<\/li>\n<li>Vi danser prim\u00e6rt til country-musik, men andre genrer m\u00e5 ogs\u00e5 forventes<\/li>\n<li>Dansene er niveaum\u00e6ssigt op til og med Improver-niveau. Det kan v\u00e6re b\u00e5de gamle og nye danse<\/li>\n<li>Der udl\u00e6res ikke en ny dans hver gang<\/li>\n<\/ul>\t\t\n\t\t\t\t\t<h4>Begynder \u2013 K\u00f8lk\u00e6r \u2013 Tirsdag kl. 18.00-19.00<\/h4>\t\t\t\t\n\t\t<ul>\n<li>For dig, som er helt ny eller har danset en enkelt s\u00e6son<\/li>\n<li>Dansene udl\u00e6res grundigt og i lavt tempo<\/li>\n<li>Der danses prim\u00e6rt til country-musik<\/li>\n<li>Dansene vil v\u00e6re p\u00e5 absolut beginner- og beginner niveau<\/li>\n<\/ul>\n<p><\/p>\t\t\n\t\t\t\t\t<h4>Begynder + \u2013 K\u00f8lk\u00e6r \u2013 Tirsdag kl. 19.15-20.00<\/h4>\t\t\t\t\n\t\t<ul>\n<li>Bem\u00e6rk \u2013 kun 45 min<\/li>\n<li>For dig som ogs\u00e5 danser p\u00e5 et andet hold<\/li>\n<li>For dig, som har styr p\u00e5 de vigtigste grundtrin<\/li>\n<li>Dansene udl\u00e6res grundigt og i lavt tempo<\/li>\n<li>Der danses prim\u00e6rt til country-musik<\/li>\n<li>Dansene vil v\u00e6re p\u00e5 beginner-, high beginner-, og low improver-niveau<\/li>\n<\/ul>\t\t\n\t\t\t\t\t<h4>Begynder\u00a0\u2013 Hammerum \u2013 Torsdag kl. 18.00-19.00<\/h4>\t\t\t\t\n\t\t<ul>\n<li>For dig, som er helt ny og vil l\u00e6re at danse linedance<\/li>\n<li>Dansene udl\u00e6res grundigt og i lavt tempo<\/li>\n<li>Vi danser til alle musikarter og i alle stilarter inden for linedance<\/li>\n<li>Dansene vil v\u00e6re p\u00e5 absolut beginner- og beginner-niveau<\/li>\n<\/ul>\t\t\n\t\t\t\t\t<h4>Begynder+ \u2013 Hammerum \u2013 Torsdag kl. 19.15-20.15<\/h4>\t\t\t\t\n\t\t<ul>\n<li>For dig, som har styr p\u00e5 de vigtigste grundtrin<\/li>\n<li>Dansene udl\u00e6res grundigt, og i lavt tempo<\/li>\n<li>Vi danser til alle musikarter og i alle stilarter inden for linedance<\/li>\n<li>Dansene vil v\u00e6re p\u00e5 beginner-, high beginner-, og low improver-niveau<\/li>\n<\/ul>","protected":false},"excerpt":{"rendered":"<p>Begynder\u00a0+ \u2013 K\u00f8lk\u00e6r \u2013 Mandag kl. 17.30-18.30 For dig, som har styr p\u00e5 det vigtigste grundtrin Dansene udl\u00e6res grundigt og i lavt tempo Der danses prim\u00e6rt til country-musik Dansene vil v\u00e6re p\u00e5 absolut beginner-, high beginner- og low improver-niveau Improver\u00a0\u2013 K\u00f8lk\u00e6r \u2013 Mandag kl. 19.30-21.00 Du har styr p\u00e5 grundtrinene [&hellip;]<\/p>\n","protected":false},"author":1,"featured_media":0,"parent":0,"menu_order":0,"comment_status":"closed","ping_status":"closed","template":"","meta":{"_acf_changed":false,"ngg_post_thumbnail":0,"footnotes":""},"class_list":["post-57","page","type-page","status-publish","hentry"],"acf":[],"yoast_head":"<!-- This site is optimized with the Yoast SEO plugin v27.3 - https:\/\/yoast.com\/product\/yoast-seo-wordpress\/ -->\n<title>Holdbeskrivelser - Footloose Linedancers<\/title>\n<meta name=\"robots\" content=\"index, follow, max-snippet:-1, max-image-preview:large, max-video-preview:-1\" \/>\n<link rel=\"canonical\" href=\"https:\/\/footlooselinedancers.dk\/index.php\/holdbeskrivelser\/\" \/>\n<meta property=\"og:locale\" content=\"da_DK\" \/>\n<meta property=\"og:type\" content=\"article\" \/>\n<meta property=\"og:title\" content=\"Holdbeskrivelser - Footloose Linedancers\" \/>\n<meta property=\"og:description\" content=\"Begynder\u00a0+ \u2013 K\u00f8lk\u00e6r \u2013 Mandag kl. 17.30-18.30 For dig, som har styr p\u00e5 det vigtigste grundtrin Dansene udl\u00e6res grundigt og i lavt tempo Der danses prim\u00e6rt til country-musik Dansene vil v\u00e6re p\u00e5 absolut beginner-, high beginner- og low improver-niveau Improver\u00a0\u2013 K\u00f8lk\u00e6r \u2013 Mandag kl. 19.30-21.00 Du har styr p\u00e5 grundtrinene [&hellip;]\" \/>\n<meta property=\"og:url\" content=\"https:\/\/footlooselinedancers.dk\/index.php\/holdbeskrivelser\/\" \/>\n<meta property=\"og:site_name\" content=\"Footloose Linedancers\" \/>\n<meta property=\"article:modified_time\" content=\"2025-06-11T17:50:10+00:00\" \/>\n<meta name=\"twitter:card\" content=\"summary_large_image\" \/>\n<meta name=\"twitter:label1\" content=\"Estimeret l\u00e6setid\" \/>\n\t<meta name=\"twitter:data1\" content=\"2 minutter\" \/>\n<script type=\"application\/ld+json\" class=\"yoast-schema-graph\">{\"@context\":\"https:\\\/\\\/schema.org\",\"@graph\":[{\"@type\":\"WebPage\",\"@id\":\"https:\\\/\\\/footlooselinedancers.dk\\\/index.php\\\/holdbeskrivelser\\\/\",\"url\":\"https:\\\/\\\/footlooselinedancers.dk\\\/index.php\\\/holdbeskrivelser\\\/\",\"name\":\"Holdbeskrivelser - Footloose Linedancers\",\"isPartOf\":{\"@id\":\"http:\\\/\\\/footlooselinedancers.dk\\\/#website\"},\"datePublished\":\"2020-10-27T15:37:41+00:00\",\"dateModified\":\"2025-06-11T17:50:10+00:00\",\"breadcrumb\":{\"@id\":\"https:\\\/\\\/footlooselinedancers.dk\\\/index.php\\\/holdbeskrivelser\\\/#breadcrumb\"},\"inLanguage\":\"da-DK\",\"potentialAction\":[{\"@type\":\"ReadAction\",\"target\":[\"https:\\\/\\\/footlooselinedancers.dk\\\/index.php\\\/holdbeskrivelser\\\/\"]}]},{\"@type\":\"BreadcrumbList\",\"@id\":\"https:\\\/\\\/footlooselinedancers.dk\\\/index.php\\\/holdbeskrivelser\\\/#breadcrumb\",\"itemListElement\":[{\"@type\":\"ListItem\",\"position\":1,\"name\":\"Hjem\",\"item\":\"https:\\\/\\\/footlooselinedancers.dk\\\/\"},{\"@type\":\"ListItem\",\"position\":2,\"name\":\"Holdbeskrivelser\"}]},{\"@type\":\"WebSite\",\"@id\":\"http:\\\/\\\/footlooselinedancers.dk\\\/#website\",\"url\":\"http:\\\/\\\/footlooselinedancers.dk\\\/\",\"name\":\"Footloose Linedancers\",\"description\":\"LINEDANCE I HERNING\",\"publisher\":{\"@id\":\"http:\\\/\\\/footlooselinedancers.dk\\\/#organization\"},\"potentialAction\":[{\"@type\":\"SearchAction\",\"target\":{\"@type\":\"EntryPoint\",\"urlTemplate\":\"http:\\\/\\\/footlooselinedancers.dk\\\/?s={search_term_string}\"},\"query-input\":{\"@type\":\"PropertyValueSpecification\",\"valueRequired\":true,\"valueName\":\"search_term_string\"}}],\"inLanguage\":\"da-DK\"},{\"@type\":\"Organization\",\"@id\":\"http:\\\/\\\/footlooselinedancers.dk\\\/#organization\",\"name\":\"Footloose Linedancers\",\"url\":\"http:\\\/\\\/footlooselinedancers.dk\\\/\",\"logo\":{\"@type\":\"ImageObject\",\"inLanguage\":\"da-DK\",\"@id\":\"http:\\\/\\\/footlooselinedancers.dk\\\/#\\\/schema\\\/logo\\\/image\\\/\",\"url\":\"https:\\\/\\\/footlooselinedancers.dk\\\/wp-content\\\/uploads\\\/2023\\\/06\\\/Footloose_-_logo_-_hjemmeside-removebg-preview.png\",\"contentUrl\":\"https:\\\/\\\/footlooselinedancers.dk\\\/wp-content\\\/uploads\\\/2023\\\/06\\\/Footloose_-_logo_-_hjemmeside-removebg-preview.png\",\"width\":150,\"height\":100,\"caption\":\"Footloose Linedancers\"},\"image\":{\"@id\":\"http:\\\/\\\/footlooselinedancers.dk\\\/#\\\/schema\\\/logo\\\/image\\\/\"}}]}<\/script>\n<!-- \/ Yoast SEO plugin. -->","yoast_head_json":{"title":"Holdbeskrivelser - Footloose Linedancers","robots":{"index":"index","follow":"follow","max-snippet":"max-snippet:-1","max-image-preview":"max-image-preview:large","max-video-preview":"max-video-preview:-1"},"canonical":"https:\/\/footlooselinedancers.dk\/index.php\/holdbeskrivelser\/","og_locale":"da_DK","og_type":"article","og_title":"Holdbeskrivelser - Footloose Linedancers","og_description":"Begynder\u00a0+ \u2013 K\u00f8lk\u00e6r \u2013 Mandag kl. 17.30-18.30 For dig, som har styr p\u00e5 det vigtigste grundtrin Dansene udl\u00e6res grundigt og i lavt tempo Der danses prim\u00e6rt til country-musik Dansene vil v\u00e6re p\u00e5 absolut beginner-, high beginner- og low improver-niveau Improver\u00a0\u2013 K\u00f8lk\u00e6r \u2013 Mandag kl. 19.30-21.00 Du har styr p\u00e5 grundtrinene [&hellip;]","og_url":"https:\/\/footlooselinedancers.dk\/index.php\/holdbeskrivelser\/","og_site_name":"Footloose Linedancers","article_modified_time":"2025-06-11T17:50:10+00:00","twitter_card":"summary_large_image","twitter_misc":{"Estimeret l\u00e6setid":"2 minutter"},"schema":{"@context":"https:\/\/schema.org","@graph":[{"@type":"WebPage","@id":"https:\/\/footlooselinedancers.dk\/index.php\/holdbeskrivelser\/","url":"https:\/\/footlooselinedancers.dk\/index.php\/holdbeskrivelser\/","name":"Holdbeskrivelser - Footloose Linedancers","isPartOf":{"@id":"http:\/\/footlooselinedancers.dk\/#website"},"datePublished":"2020-10-27T15:37:41+00:00","dateModified":"2025-06-11T17:50:10+00:00","breadcrumb":{"@id":"https:\/\/footlooselinedancers.dk\/index.php\/holdbeskrivelser\/#breadcrumb"},"inLanguage":"da-DK","potentialAction":[{"@type":"ReadAction","target":["https:\/\/footlooselinedancers.dk\/index.php\/holdbeskrivelser\/"]}]},{"@type":"BreadcrumbList","@id":"https:\/\/footlooselinedancers.dk\/index.php\/holdbeskrivelser\/#breadcrumb","itemListElement":[{"@type":"ListItem","position":1,"name":"Hjem","item":"https:\/\/footlooselinedancers.dk\/"},{"@type":"ListItem","position":2,"name":"Holdbeskrivelser"}]},{"@type":"WebSite","@id":"http:\/\/footlooselinedancers.dk\/#website","url":"http:\/\/footlooselinedancers.dk\/","name":"Footloose Linedancers","description":"LINEDANCE I HERNING","publisher":{"@id":"http:\/\/footlooselinedancers.dk\/#organization"},"potentialAction":[{"@type":"SearchAction","target":{"@type":"EntryPoint","urlTemplate":"http:\/\/footlooselinedancers.dk\/?s={search_term_string}"},"query-input":{"@type":"PropertyValueSpecification","valueRequired":true,"valueName":"search_term_string"}}],"inLanguage":"da-DK"},{"@type":"Organization","@id":"http:\/\/footlooselinedancers.dk\/#organization","name":"Footloose Linedancers","url":"http:\/\/footlooselinedancers.dk\/","logo":{"@type":"ImageObject","inLanguage":"da-DK","@id":"http:\/\/footlooselinedancers.dk\/#\/schema\/logo\/image\/","url":"https:\/\/footlooselinedancers.dk\/wp-content\/uploads\/2023\/06\/Footloose_-_logo_-_hjemmeside-removebg-preview.png","contentUrl":"https:\/\/footlooselinedancers.dk\/wp-content\/uploads\/2023\/06\/Footloose_-_logo_-_hjemmeside-removebg-preview.png","width":150,"height":100,"caption":"Footloose Linedancers"},"image":{"@id":"http:\/\/footlooselinedancers.dk\/#\/schema\/logo\/image\/"}}]}},"_links":{"self":[{"href":"https:\/\/footlooselinedancers.dk\/index.php\/wp-json\/wp\/v2\/pages\/57","targetHints":{"allow":["GET"]}}],"collection":[{"href":"https:\/\/footlooselinedancers.dk\/index.php\/wp-json\/wp\/v2\/pages"}],"about":[{"href":"https:\/\/footlooselinedancers.dk\/index.php\/wp-json\/wp\/v2\/types\/page"}],"author":[{"embeddable":true,"href":"https:\/\/footlooselinedancers.dk\/index.php\/wp-json\/wp\/v2\/users\/1"}],"replies":[{"embeddable":true,"href":"https:\/\/footlooselinedancers.dk\/index.php\/wp-json\/wp\/v2\/comments?post=57"}],"version-history":[{"count":34,"href":"https:\/\/footlooselinedancers.dk\/index.php\/wp-json\/wp\/v2\/pages\/57\/revisions"}],"predecessor-version":[{"id":3572,"href":"https:\/\/footlooselinedancers.dk\/index.php\/wp-json\/wp\/v2\/pages\/57\/revisions\/3572"}],"wp:attachment":[{"href":"https:\/\/footlooselinedancers.dk\/index.php\/wp-json\/wp\/v2\/media?parent=57"}],"curies":[{"name":"wp","href":"https:\/\/api.w.org\/{rel}","templated":true}]}}