{"id":53,"date":"2020-10-27T16:34:12","date_gmt":"2020-10-27T15:34:12","guid":{"rendered":"http:\/\/footlooselinedancers.dk\/?page_id=53"},"modified":"2023-06-17T12:42:45","modified_gmt":"2023-06-17T11:42:45","slug":"klubbens-grundlag","status":"publish","type":"page","link":"https:\/\/footlooselinedancers.dk\/index.php\/klubbens-grundlag\/","title":{"rendered":"Klubbens grundlag"},"content":{"rendered":"\n<p><strong>Vi tror p\u00e5:<\/strong><br>At det f\u00f8rst og fremmest skal v\u00e6re hyggeligt og sjovt at danse linedance.<\/p>\n\n\n\n<p><strong>Vi tror p\u00e5:<\/strong><br>At linedance giver god motion og sved p\u00e5 panden.<\/p>\n\n\n\n<p><strong>Vi tror p\u00e5:<\/strong><br>At vi bliver glade mennesker af god musik og bev\u00e6gelse.<\/p>\n\n\n\n<p><strong>Vi tror p\u00e5:<\/strong><br>At der er plads til os alle, vores forskellige niveauer og vores forskellige musiksmag.<\/p>\n\n\n\n<p><strong>Vi tror p\u00e5:<\/strong><br>At vi sammen kan skabe den gode stemning og det gode dansemilj\u00f8.<\/p>\n","protected":false},"excerpt":{"rendered":"<p>Vi tror p\u00e5:At det f\u00f8rst og fremmest skal v\u00e6re hyggeligt og sjovt at danse linedance. Vi tror p\u00e5:At linedance giver god motion og sved p\u00e5 panden. Vi tror p\u00e5:At vi bliver glade mennesker af god musik og bev\u00e6gelse. Vi tror p\u00e5:At der er plads til os alle, vores forskellige niveauer [&hellip;]<\/p>\n","protected":false},"author":1,"featured_media":0,"parent":0,"menu_order":0,"comment_status":"closed","ping_status":"closed","template":"","meta":{"_acf_changed":false,"ngg_post_thumbnail":0,"footnotes":""},"class_list":["post-53","page","type-page","status-publish","hentry"],"acf":[],"yoast_head":"<!-- This site is optimized with the Yoast SEO plugin v27.3 - https:\/\/yoast.com\/product\/yoast-seo-wordpress\/ -->\n<title>Klubbens grundlag - Footloose Linedancers<\/title>\n<meta name=\"robots\" content=\"index, follow, max-snippet:-1, max-image-preview:large, max-video-preview:-1\" \/>\n<link rel=\"canonical\" href=\"https:\/\/footlooselinedancers.dk\/index.php\/klubbens-grundlag\/\" \/>\n<meta property=\"og:locale\" content=\"da_DK\" \/>\n<meta property=\"og:type\" content=\"article\" \/>\n<meta property=\"og:title\" content=\"Klubbens grundlag - Footloose Linedancers\" \/>\n<meta property=\"og:description\" content=\"Vi tror p\u00e5:At det f\u00f8rst og fremmest skal v\u00e6re hyggeligt og sjovt at danse linedance. Vi tror p\u00e5:At linedance giver god motion og sved p\u00e5 panden. Vi tror p\u00e5:At vi bliver glade mennesker af god musik og bev\u00e6gelse. Vi tror p\u00e5:At der er plads til os alle, vores forskellige niveauer [&hellip;]\" \/>\n<meta property=\"og:url\" content=\"https:\/\/footlooselinedancers.dk\/index.php\/klubbens-grundlag\/\" \/>\n<meta property=\"og:site_name\" content=\"Footloose Linedancers\" \/>\n<meta property=\"article:modified_time\" content=\"2023-06-17T11:42:45+00:00\" \/>\n<meta name=\"twitter:card\" content=\"summary_large_image\" \/>\n<script type=\"application\/ld+json\" class=\"yoast-schema-graph\">{\"@context\":\"https:\\\/\\\/schema.org\",\"@graph\":[{\"@type\":\"WebPage\",\"@id\":\"https:\\\/\\\/footlooselinedancers.dk\\\/index.php\\\/klubbens-grundlag\\\/\",\"url\":\"https:\\\/\\\/footlooselinedancers.dk\\\/index.php\\\/klubbens-grundlag\\\/\",\"name\":\"Klubbens grundlag - Footloose Linedancers\",\"isPartOf\":{\"@id\":\"http:\\\/\\\/footlooselinedancers.dk\\\/#website\"},\"datePublished\":\"2020-10-27T15:34:12+00:00\",\"dateModified\":\"2023-06-17T11:42:45+00:00\",\"breadcrumb\":{\"@id\":\"https:\\\/\\\/footlooselinedancers.dk\\\/index.php\\\/klubbens-grundlag\\\/#breadcrumb\"},\"inLanguage\":\"da-DK\",\"potentialAction\":[{\"@type\":\"ReadAction\",\"target\":[\"https:\\\/\\\/footlooselinedancers.dk\\\/index.php\\\/klubbens-grundlag\\\/\"]}]},{\"@type\":\"BreadcrumbList\",\"@id\":\"https:\\\/\\\/footlooselinedancers.dk\\\/index.php\\\/klubbens-grundlag\\\/#breadcrumb\",\"itemListElement\":[{\"@type\":\"ListItem\",\"position\":1,\"name\":\"Hjem\",\"item\":\"https:\\\/\\\/footlooselinedancers.dk\\\/\"},{\"@type\":\"ListItem\",\"position\":2,\"name\":\"Klubbens grundlag\"}]},{\"@type\":\"WebSite\",\"@id\":\"http:\\\/\\\/footlooselinedancers.dk\\\/#website\",\"url\":\"http:\\\/\\\/footlooselinedancers.dk\\\/\",\"name\":\"Footloose Linedancers\",\"description\":\"LINEDANCE I HERNING\",\"publisher\":{\"@id\":\"http:\\\/\\\/footlooselinedancers.dk\\\/#organization\"},\"potentialAction\":[{\"@type\":\"SearchAction\",\"target\":{\"@type\":\"EntryPoint\",\"urlTemplate\":\"http:\\\/\\\/footlooselinedancers.dk\\\/?s={search_term_string}\"},\"query-input\":{\"@type\":\"PropertyValueSpecification\",\"valueRequired\":true,\"valueName\":\"search_term_string\"}}],\"inLanguage\":\"da-DK\"},{\"@type\":\"Organization\",\"@id\":\"http:\\\/\\\/footlooselinedancers.dk\\\/#organization\",\"name\":\"Footloose Linedancers\",\"url\":\"http:\\\/\\\/footlooselinedancers.dk\\\/\",\"logo\":{\"@type\":\"ImageObject\",\"inLanguage\":\"da-DK\",\"@id\":\"http:\\\/\\\/footlooselinedancers.dk\\\/#\\\/schema\\\/logo\\\/image\\\/\",\"url\":\"https:\\\/\\\/footlooselinedancers.dk\\\/wp-content\\\/uploads\\\/2023\\\/06\\\/Footloose_-_logo_-_hjemmeside-removebg-preview.png\",\"contentUrl\":\"https:\\\/\\\/footlooselinedancers.dk\\\/wp-content\\\/uploads\\\/2023\\\/06\\\/Footloose_-_logo_-_hjemmeside-removebg-preview.png\",\"width\":150,\"height\":100,\"caption\":\"Footloose Linedancers\"},\"image\":{\"@id\":\"http:\\\/\\\/footlooselinedancers.dk\\\/#\\\/schema\\\/logo\\\/image\\\/\"}}]}<\/script>\n<!-- \/ Yoast SEO plugin. -->","yoast_head_json":{"title":"Klubbens grundlag - Footloose Linedancers","robots":{"index":"index","follow":"follow","max-snippet":"max-snippet:-1","max-image-preview":"max-image-preview:large","max-video-preview":"max-video-preview:-1"},"canonical":"https:\/\/footlooselinedancers.dk\/index.php\/klubbens-grundlag\/","og_locale":"da_DK","og_type":"article","og_title":"Klubbens grundlag - Footloose Linedancers","og_description":"Vi tror p\u00e5:At det f\u00f8rst og fremmest skal v\u00e6re hyggeligt og sjovt at danse linedance. Vi tror p\u00e5:At linedance giver god motion og sved p\u00e5 panden. Vi tror p\u00e5:At vi bliver glade mennesker af god musik og bev\u00e6gelse. Vi tror p\u00e5:At der er plads til os alle, vores forskellige niveauer [&hellip;]","og_url":"https:\/\/footlooselinedancers.dk\/index.php\/klubbens-grundlag\/","og_site_name":"Footloose Linedancers","article_modified_time":"2023-06-17T11:42:45+00:00","twitter_card":"summary_large_image","schema":{"@context":"https:\/\/schema.org","@graph":[{"@type":"WebPage","@id":"https:\/\/footlooselinedancers.dk\/index.php\/klubbens-grundlag\/","url":"https:\/\/footlooselinedancers.dk\/index.php\/klubbens-grundlag\/","name":"Klubbens grundlag - Footloose Linedancers","isPartOf":{"@id":"http:\/\/footlooselinedancers.dk\/#website"},"datePublished":"2020-10-27T15:34:12+00:00","dateModified":"2023-06-17T11:42:45+00:00","breadcrumb":{"@id":"https:\/\/footlooselinedancers.dk\/index.php\/klubbens-grundlag\/#breadcrumb"},"inLanguage":"da-DK","potentialAction":[{"@type":"ReadAction","target":["https:\/\/footlooselinedancers.dk\/index.php\/klubbens-grundlag\/"]}]},{"@type":"BreadcrumbList","@id":"https:\/\/footlooselinedancers.dk\/index.php\/klubbens-grundlag\/#breadcrumb","itemListElement":[{"@type":"ListItem","position":1,"name":"Hjem","item":"https:\/\/footlooselinedancers.dk\/"},{"@type":"ListItem","position":2,"name":"Klubbens grundlag"}]},{"@type":"WebSite","@id":"http:\/\/footlooselinedancers.dk\/#website","url":"http:\/\/footlooselinedancers.dk\/","name":"Footloose Linedancers","description":"LINEDANCE I HERNING","publisher":{"@id":"http:\/\/footlooselinedancers.dk\/#organization"},"potentialAction":[{"@type":"SearchAction","target":{"@type":"EntryPoint","urlTemplate":"http:\/\/footlooselinedancers.dk\/?s={search_term_string}"},"query-input":{"@type":"PropertyValueSpecification","valueRequired":true,"valueName":"search_term_string"}}],"inLanguage":"da-DK"},{"@type":"Organization","@id":"http:\/\/footlooselinedancers.dk\/#organization","name":"Footloose Linedancers","url":"http:\/\/footlooselinedancers.dk\/","logo":{"@type":"ImageObject","inLanguage":"da-DK","@id":"http:\/\/footlooselinedancers.dk\/#\/schema\/logo\/image\/","url":"https:\/\/footlooselinedancers.dk\/wp-content\/uploads\/2023\/06\/Footloose_-_logo_-_hjemmeside-removebg-preview.png","contentUrl":"https:\/\/footlooselinedancers.dk\/wp-content\/uploads\/2023\/06\/Footloose_-_logo_-_hjemmeside-removebg-preview.png","width":150,"height":100,"caption":"Footloose Linedancers"},"image":{"@id":"http:\/\/footlooselinedancers.dk\/#\/schema\/logo\/image\/"}}]}},"_links":{"self":[{"href":"https:\/\/footlooselinedancers.dk\/index.php\/wp-json\/wp\/v2\/pages\/53","targetHints":{"allow":["GET"]}}],"collection":[{"href":"https:\/\/footlooselinedancers.dk\/index.php\/wp-json\/wp\/v2\/pages"}],"about":[{"href":"https:\/\/footlooselinedancers.dk\/index.php\/wp-json\/wp\/v2\/types\/page"}],"author":[{"embeddable":true,"href":"https:\/\/footlooselinedancers.dk\/index.php\/wp-json\/wp\/v2\/users\/1"}],"replies":[{"embeddable":true,"href":"https:\/\/footlooselinedancers.dk\/index.php\/wp-json\/wp\/v2\/comments?post=53"}],"version-history":[{"count":4,"href":"https:\/\/footlooselinedancers.dk\/index.php\/wp-json\/wp\/v2\/pages\/53\/revisions"}],"predecessor-version":[{"id":1025,"href":"https:\/\/footlooselinedancers.dk\/index.php\/wp-json\/wp\/v2\/pages\/53\/revisions\/1025"}],"wp:attachment":[{"href":"https:\/\/footlooselinedancers.dk\/index.php\/wp-json\/wp\/v2\/media?parent=53"}],"curies":[{"name":"wp","href":"https:\/\/api.w.org\/{rel}","templated":true}]}}