{"id":308,"date":"2021-01-09T13:43:47","date_gmt":"2021-01-09T12:43:47","guid":{"rendered":"https:\/\/footlooselinedancers.dk\/?page_id=308"},"modified":"2024-04-07T11:18:15","modified_gmt":"2024-04-07T10:18:15","slug":"instruktoerer-og-hold","status":"publish","type":"page","link":"https:\/\/footlooselinedancers.dk\/index.php\/instruktoerer-og-hold\/","title":{"rendered":"Instrukt\u00f8rer og hold"},"content":{"rendered":"\n<p>I Footloose Linedancers har vi linedancehold p\u00e5 de fleste niveauer og til alle musikgenrer.<\/p>\n\n\n\n<p>Vi er 3 instrukt\u00f8rer og har undervisning p\u00e5 de fleste ugedage i K\u00f8lk\u00e6r og Hammerum. <\/p>\n\n\n\n<p>Herunder kan du se:<\/p>\n\n\n\n<ul class=\"wp-block-list\">\n<li><a href=\"https:\/\/footlooselinedancers.dk\/index.php\/holdbeskrivelser\/\">Holdbeskrivelser<\/a><\/li>\n\n\n\n<li><a href=\"https:\/\/footlooselinedancers.dk\/index.php\/instruktoerer-og-hold\/instruktoerer\/\">Instrukt\u00f8rer<\/a><\/li>\n\n\n\n<li><a href=\"https:\/\/footlooselinedancers.dk\/index.php\/instruktoerer-og-hold\/her-danser-vi\/\">Her danser vi<\/a>.<\/li>\n<\/ul>\n","protected":false},"excerpt":{"rendered":"<p>I Footloose Linedancers har vi linedancehold p\u00e5 de fleste niveauer og til alle musikgenrer. Vi er 3 instrukt\u00f8rer og har undervisning p\u00e5 de fleste ugedage i K\u00f8lk\u00e6r og Hammerum. Herunder kan du se:<\/p>\n","protected":false},"author":10,"featured_media":0,"parent":0,"menu_order":0,"comment_status":"closed","ping_status":"closed","template":"","meta":{"_acf_changed":false,"ngg_post_thumbnail":0,"footnotes":""},"class_list":["post-308","page","type-page","status-publish","hentry"],"acf":[],"yoast_head":"<!-- This site is optimized with the Yoast SEO plugin v27.3 - https:\/\/yoast.com\/product\/yoast-seo-wordpress\/ -->\n<title>Instrukt\u00f8rer og hold - Footloose Linedancers<\/title>\n<meta name=\"robots\" content=\"index, follow, max-snippet:-1, max-image-preview:large, max-video-preview:-1\" \/>\n<link rel=\"canonical\" href=\"https:\/\/footlooselinedancers.dk\/index.php\/instruktoerer-og-hold\/\" \/>\n<meta property=\"og:locale\" content=\"da_DK\" \/>\n<meta property=\"og:type\" content=\"article\" \/>\n<meta property=\"og:title\" content=\"Instrukt\u00f8rer og hold - Footloose Linedancers\" \/>\n<meta property=\"og:description\" content=\"I Footloose Linedancers har vi linedancehold p\u00e5 de fleste niveauer og til alle musikgenrer. Vi er 3 instrukt\u00f8rer og har undervisning p\u00e5 de fleste ugedage i K\u00f8lk\u00e6r og Hammerum. Herunder kan du se:\" \/>\n<meta property=\"og:url\" content=\"https:\/\/footlooselinedancers.dk\/index.php\/instruktoerer-og-hold\/\" \/>\n<meta property=\"og:site_name\" content=\"Footloose Linedancers\" \/>\n<meta property=\"article:modified_time\" content=\"2024-04-07T10:18:15+00:00\" \/>\n<meta name=\"twitter:card\" content=\"summary_large_image\" \/>\n<meta name=\"twitter:label1\" content=\"Estimeret l\u00e6setid\" \/>\n\t<meta name=\"twitter:data1\" content=\"1 minut\" \/>\n<script type=\"application\/ld+json\" class=\"yoast-schema-graph\">{\"@context\":\"https:\\\/\\\/schema.org\",\"@graph\":[{\"@type\":\"WebPage\",\"@id\":\"https:\\\/\\\/footlooselinedancers.dk\\\/index.php\\\/instruktoerer-og-hold\\\/\",\"url\":\"https:\\\/\\\/footlooselinedancers.dk\\\/index.php\\\/instruktoerer-og-hold\\\/\",\"name\":\"Instrukt\u00f8rer og hold - Footloose Linedancers\",\"isPartOf\":{\"@id\":\"http:\\\/\\\/footlooselinedancers.dk\\\/#website\"},\"datePublished\":\"2021-01-09T12:43:47+00:00\",\"dateModified\":\"2024-04-07T10:18:15+00:00\",\"breadcrumb\":{\"@id\":\"https:\\\/\\\/footlooselinedancers.dk\\\/index.php\\\/instruktoerer-og-hold\\\/#breadcrumb\"},\"inLanguage\":\"da-DK\",\"potentialAction\":[{\"@type\":\"ReadAction\",\"target\":[\"https:\\\/\\\/footlooselinedancers.dk\\\/index.php\\\/instruktoerer-og-hold\\\/\"]}]},{\"@type\":\"BreadcrumbList\",\"@id\":\"https:\\\/\\\/footlooselinedancers.dk\\\/index.php\\\/instruktoerer-og-hold\\\/#breadcrumb\",\"itemListElement\":[{\"@type\":\"ListItem\",\"position\":1,\"name\":\"Hjem\",\"item\":\"https:\\\/\\\/footlooselinedancers.dk\\\/\"},{\"@type\":\"ListItem\",\"position\":2,\"name\":\"Instrukt\u00f8rer og hold\"}]},{\"@type\":\"WebSite\",\"@id\":\"http:\\\/\\\/footlooselinedancers.dk\\\/#website\",\"url\":\"http:\\\/\\\/footlooselinedancers.dk\\\/\",\"name\":\"Footloose Linedancers\",\"description\":\"LINEDANCE I HERNING\",\"publisher\":{\"@id\":\"http:\\\/\\\/footlooselinedancers.dk\\\/#organization\"},\"potentialAction\":[{\"@type\":\"SearchAction\",\"target\":{\"@type\":\"EntryPoint\",\"urlTemplate\":\"http:\\\/\\\/footlooselinedancers.dk\\\/?s={search_term_string}\"},\"query-input\":{\"@type\":\"PropertyValueSpecification\",\"valueRequired\":true,\"valueName\":\"search_term_string\"}}],\"inLanguage\":\"da-DK\"},{\"@type\":\"Organization\",\"@id\":\"http:\\\/\\\/footlooselinedancers.dk\\\/#organization\",\"name\":\"Footloose Linedancers\",\"url\":\"http:\\\/\\\/footlooselinedancers.dk\\\/\",\"logo\":{\"@type\":\"ImageObject\",\"inLanguage\":\"da-DK\",\"@id\":\"http:\\\/\\\/footlooselinedancers.dk\\\/#\\\/schema\\\/logo\\\/image\\\/\",\"url\":\"https:\\\/\\\/footlooselinedancers.dk\\\/wp-content\\\/uploads\\\/2023\\\/06\\\/Footloose_-_logo_-_hjemmeside-removebg-preview.png\",\"contentUrl\":\"https:\\\/\\\/footlooselinedancers.dk\\\/wp-content\\\/uploads\\\/2023\\\/06\\\/Footloose_-_logo_-_hjemmeside-removebg-preview.png\",\"width\":150,\"height\":100,\"caption\":\"Footloose Linedancers\"},\"image\":{\"@id\":\"http:\\\/\\\/footlooselinedancers.dk\\\/#\\\/schema\\\/logo\\\/image\\\/\"}}]}<\/script>\n<!-- \/ Yoast SEO plugin. -->","yoast_head_json":{"title":"Instrukt\u00f8rer og hold - Footloose Linedancers","robots":{"index":"index","follow":"follow","max-snippet":"max-snippet:-1","max-image-preview":"max-image-preview:large","max-video-preview":"max-video-preview:-1"},"canonical":"https:\/\/footlooselinedancers.dk\/index.php\/instruktoerer-og-hold\/","og_locale":"da_DK","og_type":"article","og_title":"Instrukt\u00f8rer og hold - Footloose Linedancers","og_description":"I Footloose Linedancers har vi linedancehold p\u00e5 de fleste niveauer og til alle musikgenrer. Vi er 3 instrukt\u00f8rer og har undervisning p\u00e5 de fleste ugedage i K\u00f8lk\u00e6r og Hammerum. Herunder kan du se:","og_url":"https:\/\/footlooselinedancers.dk\/index.php\/instruktoerer-og-hold\/","og_site_name":"Footloose Linedancers","article_modified_time":"2024-04-07T10:18:15+00:00","twitter_card":"summary_large_image","twitter_misc":{"Estimeret l\u00e6setid":"1 minut"},"schema":{"@context":"https:\/\/schema.org","@graph":[{"@type":"WebPage","@id":"https:\/\/footlooselinedancers.dk\/index.php\/instruktoerer-og-hold\/","url":"https:\/\/footlooselinedancers.dk\/index.php\/instruktoerer-og-hold\/","name":"Instrukt\u00f8rer og hold - Footloose Linedancers","isPartOf":{"@id":"http:\/\/footlooselinedancers.dk\/#website"},"datePublished":"2021-01-09T12:43:47+00:00","dateModified":"2024-04-07T10:18:15+00:00","breadcrumb":{"@id":"https:\/\/footlooselinedancers.dk\/index.php\/instruktoerer-og-hold\/#breadcrumb"},"inLanguage":"da-DK","potentialAction":[{"@type":"ReadAction","target":["https:\/\/footlooselinedancers.dk\/index.php\/instruktoerer-og-hold\/"]}]},{"@type":"BreadcrumbList","@id":"https:\/\/footlooselinedancers.dk\/index.php\/instruktoerer-og-hold\/#breadcrumb","itemListElement":[{"@type":"ListItem","position":1,"name":"Hjem","item":"https:\/\/footlooselinedancers.dk\/"},{"@type":"ListItem","position":2,"name":"Instrukt\u00f8rer og hold"}]},{"@type":"WebSite","@id":"http:\/\/footlooselinedancers.dk\/#website","url":"http:\/\/footlooselinedancers.dk\/","name":"Footloose Linedancers","description":"LINEDANCE I HERNING","publisher":{"@id":"http:\/\/footlooselinedancers.dk\/#organization"},"potentialAction":[{"@type":"SearchAction","target":{"@type":"EntryPoint","urlTemplate":"http:\/\/footlooselinedancers.dk\/?s={search_term_string}"},"query-input":{"@type":"PropertyValueSpecification","valueRequired":true,"valueName":"search_term_string"}}],"inLanguage":"da-DK"},{"@type":"Organization","@id":"http:\/\/footlooselinedancers.dk\/#organization","name":"Footloose Linedancers","url":"http:\/\/footlooselinedancers.dk\/","logo":{"@type":"ImageObject","inLanguage":"da-DK","@id":"http:\/\/footlooselinedancers.dk\/#\/schema\/logo\/image\/","url":"https:\/\/footlooselinedancers.dk\/wp-content\/uploads\/2023\/06\/Footloose_-_logo_-_hjemmeside-removebg-preview.png","contentUrl":"https:\/\/footlooselinedancers.dk\/wp-content\/uploads\/2023\/06\/Footloose_-_logo_-_hjemmeside-removebg-preview.png","width":150,"height":100,"caption":"Footloose Linedancers"},"image":{"@id":"http:\/\/footlooselinedancers.dk\/#\/schema\/logo\/image\/"}}]}},"_links":{"self":[{"href":"https:\/\/footlooselinedancers.dk\/index.php\/wp-json\/wp\/v2\/pages\/308","targetHints":{"allow":["GET"]}}],"collection":[{"href":"https:\/\/footlooselinedancers.dk\/index.php\/wp-json\/wp\/v2\/pages"}],"about":[{"href":"https:\/\/footlooselinedancers.dk\/index.php\/wp-json\/wp\/v2\/types\/page"}],"author":[{"embeddable":true,"href":"https:\/\/footlooselinedancers.dk\/index.php\/wp-json\/wp\/v2\/users\/10"}],"replies":[{"embeddable":true,"href":"https:\/\/footlooselinedancers.dk\/index.php\/wp-json\/wp\/v2\/comments?post=308"}],"version-history":[{"count":14,"href":"https:\/\/footlooselinedancers.dk\/index.php\/wp-json\/wp\/v2\/pages\/308\/revisions"}],"predecessor-version":[{"id":1979,"href":"https:\/\/footlooselinedancers.dk\/index.php\/wp-json\/wp\/v2\/pages\/308\/revisions\/1979"}],"wp:attachment":[{"href":"https:\/\/footlooselinedancers.dk\/index.php\/wp-json\/wp\/v2\/media?parent=308"}],"curies":[{"name":"wp","href":"https:\/\/api.w.org\/{rel}","templated":true}]}}