{"id":27,"date":"2020-10-27T16:05:02","date_gmt":"2020-10-27T16:05:02","guid":{"rendered":"http:\/\/footlooselinedancers.dk\/?page_id=27"},"modified":"2025-08-01T19:13:19","modified_gmt":"2025-08-01T18:13:19","slug":"footloose-linedancers-forside","status":"publish","type":"page","link":"https:\/\/footlooselinedancers.dk\/","title":{"rendered":"Forside"},"content":{"rendered":"\n<p class=\"has-text-align-center\" style=\"font-size:25px\"><strong>Velkommen til Footloose Linedancers! <\/strong><\/p>\n\n\n\n<p class=\"has-text-align-center\" style=\"font-size:15px\">Vi er linedanceklubben, hvor vi f\u00e5r sved p\u00e5 panden med et smil p\u00e5 l\u00e6ben. Vi elsker at danse og hygge os. <\/p>\n\n\n\n<p class=\"has-text-align-center\" style=\"font-size:15px\">Vi danser i K\u00f8lk\u00e6r og Hammerum.<\/p>\n\n\n\n<div class=\"wp-block-columns are-vertically-aligned-center has-large-font-size is-layout-flex wp-container-core-columns-is-layout-28f84493 wp-block-columns-is-layout-flex\">\n<div class=\"wp-block-column is-vertically-aligned-center has-small-font-size is-layout-flow wp-block-column-is-layout-flow\" style=\"flex-basis:100%\">\n<div class=\"wp-block-columns is-layout-flex wp-container-core-columns-is-layout-28f84493 wp-block-columns-is-layout-flex\">\n<div class=\"wp-block-column is-layout-flow wp-block-column-is-layout-flow\"><div class=\"wp-block-image\">\n<figure class=\"aligncenter size-full is-resized\"><img loading=\"lazy\" decoding=\"async\" width=\"512\" height=\"256\" src=\"https:\/\/footlooselinedancers.dk\/wp-content\/uploads\/2023\/06\/Forsidebillede__-_footloose-removebg-preview.png\" alt=\"\" class=\"wp-image-1005\" style=\"width:512px;height:256px\" srcset=\"https:\/\/footlooselinedancers.dk\/wp-content\/uploads\/2023\/06\/Forsidebillede__-_footloose-removebg-preview.png 512w, https:\/\/footlooselinedancers.dk\/wp-content\/uploads\/2023\/06\/Forsidebillede__-_footloose-removebg-preview-300x150.png 300w\" sizes=\"auto, (max-width: 512px) 100vw, 512px\" \/><\/figure>\n<\/div><\/div>\n<\/div>\n<\/div>\n<\/div>\n\n\n\n<p class=\"has-text-align-center\" style=\"font-size:15px\">Er du blevet nysgerrig p\u00e5 at vide mere om, hvad vi laver i klubben, kan du ogs\u00e5 bes\u00f8ge vores <a href=\"https:\/\/www.facebook.com\/groups\/131994113618610\" target=\"_blank\" rel=\"noreferrer noopener\">Facebook-gruppe<\/a> for at finde ud af mere. Bliv gerne medlem, s\u00e5 er du altid opdateret p\u00e5, hvad der sker i klubben. <\/p>\n\n\n\n<p class=\"has-text-align-center\" style=\"font-size:15px\">Vi har ogs\u00e5 en <a href=\"https:\/\/www.instagram.com\/footlooselinedancers\/\" target=\"_blank\" rel=\"noreferrer noopener\">Instagram-side<\/a>, som du ogs\u00e5 gerne m\u00e5 f\u00f8lge, hvis du kunne t\u00e6nke dig at f\u00f8lge med i klubbens aktiviteter fra sidelinjen. <\/p>\n\n\n\n<p class=\"has-text-align-center\" style=\"font-size:15px\">Lyder vi som den rigtige linedanceklub for dig, kan du nemt tilmelde dig ved at klikke p\u00e5 fanen &#8216;<a href=\"https:\/\/footlooselinedancers.dk\/index.php\/tilmelding\/\" target=\"_blank\" rel=\"noreferrer noopener\">Tilmelding<\/a>&#8216; i hovedmenuen eller den gr\u00f8nne knap \u00f8verst p\u00e5 siden. <\/p>\n","protected":false},"excerpt":{"rendered":"<p>Velkommen til Footloose Linedancers! Vi er linedanceklubben, hvor vi f\u00e5r sved p\u00e5 panden med et smil p\u00e5 l\u00e6ben. Vi elsker at danse og hygge os. Vi danser i K\u00f8lk\u00e6r og Hammerum. Er du blevet nysgerrig p\u00e5 at vide mere om, hvad vi laver i klubben, kan du ogs\u00e5 bes\u00f8ge vores [&hellip;]<\/p>\n","protected":false},"author":1,"featured_media":987,"parent":0,"menu_order":0,"comment_status":"closed","ping_status":"closed","template":"","meta":{"_acf_changed":false,"ngg_post_thumbnail":0,"footnotes":""},"class_list":["post-27","page","type-page","status-publish","has-post-thumbnail","hentry"],"acf":[],"yoast_head":"<!-- This site is optimized with the Yoast SEO plugin v27.3 - https:\/\/yoast.com\/product\/yoast-seo-wordpress\/ -->\n<title>Footloose Linedancers | Din linedanceklub i Herning<\/title>\n<meta name=\"description\" content=\"Velkommen til Footloose Linedancers - en klub med mange forskellige hold, som danser linedance i Herning, n\u00e6rmere bestemt Lind.\" \/>\n<meta name=\"robots\" content=\"index, follow, max-snippet:-1, max-image-preview:large, max-video-preview:-1\" \/>\n<link rel=\"canonical\" href=\"https:\/\/footlooselinedancers.dk\/\" \/>\n<meta property=\"og:locale\" content=\"da_DK\" \/>\n<meta property=\"og:type\" content=\"article\" \/>\n<meta property=\"og:title\" content=\"Footloose Linedancers | Din linedanceklub i Herning\" \/>\n<meta property=\"og:description\" content=\"Velkommen til Footloose Linedancers - en klub med mange forskellige hold, som danser linedance i Herning, n\u00e6rmere bestemt Lind.\" \/>\n<meta property=\"og:url\" content=\"https:\/\/footlooselinedancers.dk\/\" \/>\n<meta property=\"og:site_name\" content=\"Footloose Linedancers\" \/>\n<meta property=\"article:modified_time\" content=\"2025-08-01T18:13:19+00:00\" \/>\n<meta property=\"og:image\" content=\"http:\/\/footlooselinedancers.dk\/wp-content\/uploads\/2023\/05\/Footloose-sommer-20220621_181157-scaled.jpg\" \/>\n\t<meta property=\"og:image:width\" content=\"2560\" \/>\n\t<meta property=\"og:image:height\" content=\"1920\" \/>\n\t<meta property=\"og:image:type\" content=\"image\/jpeg\" \/>\n<meta name=\"twitter:card\" content=\"summary_large_image\" \/>\n<meta name=\"twitter:label1\" content=\"Estimeret l\u00e6setid\" \/>\n\t<meta name=\"twitter:data1\" content=\"2 minutter\" \/>\n<script type=\"application\/ld+json\" class=\"yoast-schema-graph\">{\"@context\":\"https:\\\/\\\/schema.org\",\"@graph\":[{\"@type\":\"WebPage\",\"@id\":\"https:\\\/\\\/footlooselinedancers.dk\\\/\",\"url\":\"https:\\\/\\\/footlooselinedancers.dk\\\/\",\"name\":\"Footloose Linedancers | Din linedanceklub i Herning\",\"isPartOf\":{\"@id\":\"http:\\\/\\\/footlooselinedancers.dk\\\/#website\"},\"primaryImageOfPage\":{\"@id\":\"https:\\\/\\\/footlooselinedancers.dk\\\/#primaryimage\"},\"image\":{\"@id\":\"https:\\\/\\\/footlooselinedancers.dk\\\/#primaryimage\"},\"thumbnailUrl\":\"https:\\\/\\\/footlooselinedancers.dk\\\/wp-content\\\/uploads\\\/2023\\\/05\\\/Footloose-sommer-20220621_181157-scaled.jpg\",\"datePublished\":\"2020-10-27T16:05:02+00:00\",\"dateModified\":\"2025-08-01T18:13:19+00:00\",\"description\":\"Velkommen til Footloose Linedancers - en klub med mange forskellige hold, som danser linedance i Herning, n\u00e6rmere bestemt Lind.\",\"breadcrumb\":{\"@id\":\"https:\\\/\\\/footlooselinedancers.dk\\\/#breadcrumb\"},\"inLanguage\":\"da-DK\",\"potentialAction\":[{\"@type\":\"ReadAction\",\"target\":[\"https:\\\/\\\/footlooselinedancers.dk\\\/\"]}]},{\"@type\":\"ImageObject\",\"inLanguage\":\"da-DK\",\"@id\":\"https:\\\/\\\/footlooselinedancers.dk\\\/#primaryimage\",\"url\":\"https:\\\/\\\/footlooselinedancers.dk\\\/wp-content\\\/uploads\\\/2023\\\/05\\\/Footloose-sommer-20220621_181157-scaled.jpg\",\"contentUrl\":\"https:\\\/\\\/footlooselinedancers.dk\\\/wp-content\\\/uploads\\\/2023\\\/05\\\/Footloose-sommer-20220621_181157-scaled.jpg\",\"width\":2560,\"height\":1920},{\"@type\":\"BreadcrumbList\",\"@id\":\"https:\\\/\\\/footlooselinedancers.dk\\\/#breadcrumb\",\"itemListElement\":[{\"@type\":\"ListItem\",\"position\":1,\"name\":\"Hjem\",\"item\":\"https:\\\/\\\/footlooselinedancers.dk\\\/\"},{\"@type\":\"ListItem\",\"position\":2,\"name\":\"Forside\"}]},{\"@type\":\"WebSite\",\"@id\":\"http:\\\/\\\/footlooselinedancers.dk\\\/#website\",\"url\":\"http:\\\/\\\/footlooselinedancers.dk\\\/\",\"name\":\"Footloose Linedancers\",\"description\":\"LINEDANCE I HERNING\",\"publisher\":{\"@id\":\"http:\\\/\\\/footlooselinedancers.dk\\\/#organization\"},\"potentialAction\":[{\"@type\":\"SearchAction\",\"target\":{\"@type\":\"EntryPoint\",\"urlTemplate\":\"http:\\\/\\\/footlooselinedancers.dk\\\/?s={search_term_string}\"},\"query-input\":{\"@type\":\"PropertyValueSpecification\",\"valueRequired\":true,\"valueName\":\"search_term_string\"}}],\"inLanguage\":\"da-DK\"},{\"@type\":\"Organization\",\"@id\":\"http:\\\/\\\/footlooselinedancers.dk\\\/#organization\",\"name\":\"Footloose Linedancers\",\"url\":\"http:\\\/\\\/footlooselinedancers.dk\\\/\",\"logo\":{\"@type\":\"ImageObject\",\"inLanguage\":\"da-DK\",\"@id\":\"http:\\\/\\\/footlooselinedancers.dk\\\/#\\\/schema\\\/logo\\\/image\\\/\",\"url\":\"https:\\\/\\\/footlooselinedancers.dk\\\/wp-content\\\/uploads\\\/2023\\\/06\\\/Footloose_-_logo_-_hjemmeside-removebg-preview.png\",\"contentUrl\":\"https:\\\/\\\/footlooselinedancers.dk\\\/wp-content\\\/uploads\\\/2023\\\/06\\\/Footloose_-_logo_-_hjemmeside-removebg-preview.png\",\"width\":150,\"height\":100,\"caption\":\"Footloose Linedancers\"},\"image\":{\"@id\":\"http:\\\/\\\/footlooselinedancers.dk\\\/#\\\/schema\\\/logo\\\/image\\\/\"}}]}<\/script>\n<!-- \/ Yoast SEO plugin. -->","yoast_head_json":{"title":"Footloose Linedancers | Din linedanceklub i Herning","description":"Velkommen til Footloose Linedancers - en klub med mange forskellige hold, som danser linedance i Herning, n\u00e6rmere bestemt Lind.","robots":{"index":"index","follow":"follow","max-snippet":"max-snippet:-1","max-image-preview":"max-image-preview:large","max-video-preview":"max-video-preview:-1"},"canonical":"https:\/\/footlooselinedancers.dk\/","og_locale":"da_DK","og_type":"article","og_title":"Footloose Linedancers | Din linedanceklub i Herning","og_description":"Velkommen til Footloose Linedancers - en klub med mange forskellige hold, som danser linedance i Herning, n\u00e6rmere bestemt Lind.","og_url":"https:\/\/footlooselinedancers.dk\/","og_site_name":"Footloose Linedancers","article_modified_time":"2025-08-01T18:13:19+00:00","og_image":[{"width":2560,"height":1920,"url":"http:\/\/footlooselinedancers.dk\/wp-content\/uploads\/2023\/05\/Footloose-sommer-20220621_181157-scaled.jpg","type":"image\/jpeg"}],"twitter_card":"summary_large_image","twitter_misc":{"Estimeret l\u00e6setid":"2 minutter"},"schema":{"@context":"https:\/\/schema.org","@graph":[{"@type":"WebPage","@id":"https:\/\/footlooselinedancers.dk\/","url":"https:\/\/footlooselinedancers.dk\/","name":"Footloose Linedancers | Din linedanceklub i Herning","isPartOf":{"@id":"http:\/\/footlooselinedancers.dk\/#website"},"primaryImageOfPage":{"@id":"https:\/\/footlooselinedancers.dk\/#primaryimage"},"image":{"@id":"https:\/\/footlooselinedancers.dk\/#primaryimage"},"thumbnailUrl":"https:\/\/footlooselinedancers.dk\/wp-content\/uploads\/2023\/05\/Footloose-sommer-20220621_181157-scaled.jpg","datePublished":"2020-10-27T16:05:02+00:00","dateModified":"2025-08-01T18:13:19+00:00","description":"Velkommen til Footloose Linedancers - en klub med mange forskellige hold, som danser linedance i Herning, n\u00e6rmere bestemt Lind.","breadcrumb":{"@id":"https:\/\/footlooselinedancers.dk\/#breadcrumb"},"inLanguage":"da-DK","potentialAction":[{"@type":"ReadAction","target":["https:\/\/footlooselinedancers.dk\/"]}]},{"@type":"ImageObject","inLanguage":"da-DK","@id":"https:\/\/footlooselinedancers.dk\/#primaryimage","url":"https:\/\/footlooselinedancers.dk\/wp-content\/uploads\/2023\/05\/Footloose-sommer-20220621_181157-scaled.jpg","contentUrl":"https:\/\/footlooselinedancers.dk\/wp-content\/uploads\/2023\/05\/Footloose-sommer-20220621_181157-scaled.jpg","width":2560,"height":1920},{"@type":"BreadcrumbList","@id":"https:\/\/footlooselinedancers.dk\/#breadcrumb","itemListElement":[{"@type":"ListItem","position":1,"name":"Hjem","item":"https:\/\/footlooselinedancers.dk\/"},{"@type":"ListItem","position":2,"name":"Forside"}]},{"@type":"WebSite","@id":"http:\/\/footlooselinedancers.dk\/#website","url":"http:\/\/footlooselinedancers.dk\/","name":"Footloose Linedancers","description":"LINEDANCE I HERNING","publisher":{"@id":"http:\/\/footlooselinedancers.dk\/#organization"},"potentialAction":[{"@type":"SearchAction","target":{"@type":"EntryPoint","urlTemplate":"http:\/\/footlooselinedancers.dk\/?s={search_term_string}"},"query-input":{"@type":"PropertyValueSpecification","valueRequired":true,"valueName":"search_term_string"}}],"inLanguage":"da-DK"},{"@type":"Organization","@id":"http:\/\/footlooselinedancers.dk\/#organization","name":"Footloose Linedancers","url":"http:\/\/footlooselinedancers.dk\/","logo":{"@type":"ImageObject","inLanguage":"da-DK","@id":"http:\/\/footlooselinedancers.dk\/#\/schema\/logo\/image\/","url":"https:\/\/footlooselinedancers.dk\/wp-content\/uploads\/2023\/06\/Footloose_-_logo_-_hjemmeside-removebg-preview.png","contentUrl":"https:\/\/footlooselinedancers.dk\/wp-content\/uploads\/2023\/06\/Footloose_-_logo_-_hjemmeside-removebg-preview.png","width":150,"height":100,"caption":"Footloose Linedancers"},"image":{"@id":"http:\/\/footlooselinedancers.dk\/#\/schema\/logo\/image\/"}}]}},"_links":{"self":[{"href":"https:\/\/footlooselinedancers.dk\/index.php\/wp-json\/wp\/v2\/pages\/27","targetHints":{"allow":["GET"]}}],"collection":[{"href":"https:\/\/footlooselinedancers.dk\/index.php\/wp-json\/wp\/v2\/pages"}],"about":[{"href":"https:\/\/footlooselinedancers.dk\/index.php\/wp-json\/wp\/v2\/types\/page"}],"author":[{"embeddable":true,"href":"https:\/\/footlooselinedancers.dk\/index.php\/wp-json\/wp\/v2\/users\/1"}],"replies":[{"embeddable":true,"href":"https:\/\/footlooselinedancers.dk\/index.php\/wp-json\/wp\/v2\/comments?post=27"}],"version-history":[{"count":60,"href":"https:\/\/footlooselinedancers.dk\/index.php\/wp-json\/wp\/v2\/pages\/27\/revisions"}],"predecessor-version":[{"id":3962,"href":"https:\/\/footlooselinedancers.dk\/index.php\/wp-json\/wp\/v2\/pages\/27\/revisions\/3962"}],"wp:featuredmedia":[{"embeddable":true,"href":"https:\/\/footlooselinedancers.dk\/index.php\/wp-json\/wp\/v2\/media\/987"}],"wp:attachment":[{"href":"https:\/\/footlooselinedancers.dk\/index.php\/wp-json\/wp\/v2\/media?parent=27"}],"curies":[{"name":"wp","href":"https:\/\/api.w.org\/{rel}","templated":true}]}}