{"id":159,"date":"2020-10-29T06:25:10","date_gmt":"2020-10-29T06:25:10","guid":{"rendered":"https:\/\/footlooselinedancers.dk\/?page_id=159"},"modified":"2025-02-18T09:09:34","modified_gmt":"2025-02-18T08:09:34","slug":"kontakt-os","status":"publish","type":"page","link":"https:\/\/footlooselinedancers.dk\/index.php\/kontakt-os\/","title":{"rendered":"KONTAKT OS"},"content":{"rendered":"\n<p>Br\u00e6nder du inde med et sp\u00f8rgsm\u00e5l, du bare m\u00e5 have svar p\u00e5, s\u00e5 kan du kontakte os via e-mail eller tlf. Du kan sp\u00f8rge os om alt mellem himmel og jord, men vi er bedst til at svare p\u00e5 sp\u00f8rgsm\u00e5l vedr. vores klub. \ud83d\ude09<\/p>\n\n\n\n<p>Kontaktinformationer:&nbsp;<\/p>\n\n\n\n<ul class=\"wp-block-list\">\n<li>E-mail: <a href=\"mailto:footlooselinedancers@gmail.com\">footlooselinedancers@gmail.com<\/a><\/li>\n\n\n\n<li>Tlf. nr. &#8211; formand: 22 22 19 96<\/li>\n<\/ul>\n\n\n\n<p>___________________________________________________________<\/p>\n\n\n\n<p><strong>Linedance-underholdning til dit n\u00e6ste arrangement<\/strong><br>Har du brug for et festligt indslag til din fest, polterabend, personalearrangement eller noget helt fjerde?<\/p>\n\n\n\n<p>S\u00e5 kommer vi gerne og danser med dig og dine g\u00e6ster.<br>\u2013 Intet er for stort og intet er for sm\u00e5t \u2013<br>Vi medbringer: Anl\u00e6g, musik, godt hum\u00f8r og 30-45 minutters dans.<br>Du leverer: En flok glade mennesker og et sted at danse.<\/p>\n\n\n\n<p>Kontakt os for yderligere oplysninger p\u00e5: <a href=\"mailto:footlooselinedancers@gmail.com\">footlooselinedancers@gmail.com<\/a><\/p>\n","protected":false},"excerpt":{"rendered":"<p>Br\u00e6nder du inde med et sp\u00f8rgsm\u00e5l, du bare m\u00e5 have svar p\u00e5, s\u00e5 kan du kontakte os via e-mail eller tlf. Du kan sp\u00f8rge os om alt mellem himmel og jord, men vi er bedst til at svare p\u00e5 sp\u00f8rgsm\u00e5l vedr. vores klub. \ud83d\ude09 Kontaktinformationer:&nbsp; ___________________________________________________________ Linedance-underholdning til dit n\u00e6ste [&hellip;]<\/p>\n","protected":false},"author":1,"featured_media":0,"parent":0,"menu_order":0,"comment_status":"closed","ping_status":"closed","template":"","meta":{"_acf_changed":false,"ngg_post_thumbnail":0,"footnotes":""},"class_list":["post-159","page","type-page","status-publish","hentry"],"acf":[],"yoast_head":"<!-- This site is optimized with the Yoast SEO plugin v27.3 - https:\/\/yoast.com\/product\/yoast-seo-wordpress\/ -->\n<title>KONTAKT OS - Footloose Linedancers<\/title>\n<meta name=\"robots\" content=\"index, follow, max-snippet:-1, max-image-preview:large, max-video-preview:-1\" \/>\n<link rel=\"canonical\" href=\"https:\/\/footlooselinedancers.dk\/index.php\/kontakt-os\/\" \/>\n<meta property=\"og:locale\" content=\"da_DK\" \/>\n<meta property=\"og:type\" content=\"article\" \/>\n<meta property=\"og:title\" content=\"KONTAKT OS - Footloose Linedancers\" \/>\n<meta property=\"og:description\" content=\"Br\u00e6nder du inde med et sp\u00f8rgsm\u00e5l, du bare m\u00e5 have svar p\u00e5, s\u00e5 kan du kontakte os via e-mail eller tlf. Du kan sp\u00f8rge os om alt mellem himmel og jord, men vi er bedst til at svare p\u00e5 sp\u00f8rgsm\u00e5l vedr. vores klub. \ud83d\ude09 Kontaktinformationer:&nbsp; ___________________________________________________________ Linedance-underholdning til dit n\u00e6ste [&hellip;]\" \/>\n<meta property=\"og:url\" content=\"https:\/\/footlooselinedancers.dk\/index.php\/kontakt-os\/\" \/>\n<meta property=\"og:site_name\" content=\"Footloose Linedancers\" \/>\n<meta property=\"article:modified_time\" content=\"2025-02-18T08:09:34+00:00\" \/>\n<meta name=\"twitter:card\" content=\"summary_large_image\" \/>\n<meta name=\"twitter:label1\" content=\"Estimeret l\u00e6setid\" \/>\n\t<meta name=\"twitter:data1\" content=\"1 minut\" \/>\n<script type=\"application\/ld+json\" class=\"yoast-schema-graph\">{\"@context\":\"https:\\\/\\\/schema.org\",\"@graph\":[{\"@type\":\"WebPage\",\"@id\":\"https:\\\/\\\/footlooselinedancers.dk\\\/index.php\\\/kontakt-os\\\/\",\"url\":\"https:\\\/\\\/footlooselinedancers.dk\\\/index.php\\\/kontakt-os\\\/\",\"name\":\"KONTAKT OS - Footloose Linedancers\",\"isPartOf\":{\"@id\":\"http:\\\/\\\/footlooselinedancers.dk\\\/#website\"},\"datePublished\":\"2020-10-29T06:25:10+00:00\",\"dateModified\":\"2025-02-18T08:09:34+00:00\",\"breadcrumb\":{\"@id\":\"https:\\\/\\\/footlooselinedancers.dk\\\/index.php\\\/kontakt-os\\\/#breadcrumb\"},\"inLanguage\":\"da-DK\",\"potentialAction\":[{\"@type\":\"ReadAction\",\"target\":[\"https:\\\/\\\/footlooselinedancers.dk\\\/index.php\\\/kontakt-os\\\/\"]}]},{\"@type\":\"BreadcrumbList\",\"@id\":\"https:\\\/\\\/footlooselinedancers.dk\\\/index.php\\\/kontakt-os\\\/#breadcrumb\",\"itemListElement\":[{\"@type\":\"ListItem\",\"position\":1,\"name\":\"Hjem\",\"item\":\"https:\\\/\\\/footlooselinedancers.dk\\\/\"},{\"@type\":\"ListItem\",\"position\":2,\"name\":\"KONTAKT OS\"}]},{\"@type\":\"WebSite\",\"@id\":\"http:\\\/\\\/footlooselinedancers.dk\\\/#website\",\"url\":\"http:\\\/\\\/footlooselinedancers.dk\\\/\",\"name\":\"Footloose Linedancers\",\"description\":\"LINEDANCE I HERNING\",\"publisher\":{\"@id\":\"http:\\\/\\\/footlooselinedancers.dk\\\/#organization\"},\"potentialAction\":[{\"@type\":\"SearchAction\",\"target\":{\"@type\":\"EntryPoint\",\"urlTemplate\":\"http:\\\/\\\/footlooselinedancers.dk\\\/?s={search_term_string}\"},\"query-input\":{\"@type\":\"PropertyValueSpecification\",\"valueRequired\":true,\"valueName\":\"search_term_string\"}}],\"inLanguage\":\"da-DK\"},{\"@type\":\"Organization\",\"@id\":\"http:\\\/\\\/footlooselinedancers.dk\\\/#organization\",\"name\":\"Footloose Linedancers\",\"url\":\"http:\\\/\\\/footlooselinedancers.dk\\\/\",\"logo\":{\"@type\":\"ImageObject\",\"inLanguage\":\"da-DK\",\"@id\":\"http:\\\/\\\/footlooselinedancers.dk\\\/#\\\/schema\\\/logo\\\/image\\\/\",\"url\":\"https:\\\/\\\/footlooselinedancers.dk\\\/wp-content\\\/uploads\\\/2023\\\/06\\\/Footloose_-_logo_-_hjemmeside-removebg-preview.png\",\"contentUrl\":\"https:\\\/\\\/footlooselinedancers.dk\\\/wp-content\\\/uploads\\\/2023\\\/06\\\/Footloose_-_logo_-_hjemmeside-removebg-preview.png\",\"width\":150,\"height\":100,\"caption\":\"Footloose Linedancers\"},\"image\":{\"@id\":\"http:\\\/\\\/footlooselinedancers.dk\\\/#\\\/schema\\\/logo\\\/image\\\/\"}}]}<\/script>\n<!-- \/ Yoast SEO plugin. -->","yoast_head_json":{"title":"KONTAKT OS - Footloose Linedancers","robots":{"index":"index","follow":"follow","max-snippet":"max-snippet:-1","max-image-preview":"max-image-preview:large","max-video-preview":"max-video-preview:-1"},"canonical":"https:\/\/footlooselinedancers.dk\/index.php\/kontakt-os\/","og_locale":"da_DK","og_type":"article","og_title":"KONTAKT OS - Footloose Linedancers","og_description":"Br\u00e6nder du inde med et sp\u00f8rgsm\u00e5l, du bare m\u00e5 have svar p\u00e5, s\u00e5 kan du kontakte os via e-mail eller tlf. Du kan sp\u00f8rge os om alt mellem himmel og jord, men vi er bedst til at svare p\u00e5 sp\u00f8rgsm\u00e5l vedr. vores klub. \ud83d\ude09 Kontaktinformationer:&nbsp; ___________________________________________________________ Linedance-underholdning til dit n\u00e6ste [&hellip;]","og_url":"https:\/\/footlooselinedancers.dk\/index.php\/kontakt-os\/","og_site_name":"Footloose Linedancers","article_modified_time":"2025-02-18T08:09:34+00:00","twitter_card":"summary_large_image","twitter_misc":{"Estimeret l\u00e6setid":"1 minut"},"schema":{"@context":"https:\/\/schema.org","@graph":[{"@type":"WebPage","@id":"https:\/\/footlooselinedancers.dk\/index.php\/kontakt-os\/","url":"https:\/\/footlooselinedancers.dk\/index.php\/kontakt-os\/","name":"KONTAKT OS - Footloose Linedancers","isPartOf":{"@id":"http:\/\/footlooselinedancers.dk\/#website"},"datePublished":"2020-10-29T06:25:10+00:00","dateModified":"2025-02-18T08:09:34+00:00","breadcrumb":{"@id":"https:\/\/footlooselinedancers.dk\/index.php\/kontakt-os\/#breadcrumb"},"inLanguage":"da-DK","potentialAction":[{"@type":"ReadAction","target":["https:\/\/footlooselinedancers.dk\/index.php\/kontakt-os\/"]}]},{"@type":"BreadcrumbList","@id":"https:\/\/footlooselinedancers.dk\/index.php\/kontakt-os\/#breadcrumb","itemListElement":[{"@type":"ListItem","position":1,"name":"Hjem","item":"https:\/\/footlooselinedancers.dk\/"},{"@type":"ListItem","position":2,"name":"KONTAKT OS"}]},{"@type":"WebSite","@id":"http:\/\/footlooselinedancers.dk\/#website","url":"http:\/\/footlooselinedancers.dk\/","name":"Footloose Linedancers","description":"LINEDANCE I HERNING","publisher":{"@id":"http:\/\/footlooselinedancers.dk\/#organization"},"potentialAction":[{"@type":"SearchAction","target":{"@type":"EntryPoint","urlTemplate":"http:\/\/footlooselinedancers.dk\/?s={search_term_string}"},"query-input":{"@type":"PropertyValueSpecification","valueRequired":true,"valueName":"search_term_string"}}],"inLanguage":"da-DK"},{"@type":"Organization","@id":"http:\/\/footlooselinedancers.dk\/#organization","name":"Footloose Linedancers","url":"http:\/\/footlooselinedancers.dk\/","logo":{"@type":"ImageObject","inLanguage":"da-DK","@id":"http:\/\/footlooselinedancers.dk\/#\/schema\/logo\/image\/","url":"https:\/\/footlooselinedancers.dk\/wp-content\/uploads\/2023\/06\/Footloose_-_logo_-_hjemmeside-removebg-preview.png","contentUrl":"https:\/\/footlooselinedancers.dk\/wp-content\/uploads\/2023\/06\/Footloose_-_logo_-_hjemmeside-removebg-preview.png","width":150,"height":100,"caption":"Footloose Linedancers"},"image":{"@id":"http:\/\/footlooselinedancers.dk\/#\/schema\/logo\/image\/"}}]}},"_links":{"self":[{"href":"https:\/\/footlooselinedancers.dk\/index.php\/wp-json\/wp\/v2\/pages\/159","targetHints":{"allow":["GET"]}}],"collection":[{"href":"https:\/\/footlooselinedancers.dk\/index.php\/wp-json\/wp\/v2\/pages"}],"about":[{"href":"https:\/\/footlooselinedancers.dk\/index.php\/wp-json\/wp\/v2\/types\/page"}],"author":[{"embeddable":true,"href":"https:\/\/footlooselinedancers.dk\/index.php\/wp-json\/wp\/v2\/users\/1"}],"replies":[{"embeddable":true,"href":"https:\/\/footlooselinedancers.dk\/index.php\/wp-json\/wp\/v2\/comments?post=159"}],"version-history":[{"count":6,"href":"https:\/\/footlooselinedancers.dk\/index.php\/wp-json\/wp\/v2\/pages\/159\/revisions"}],"predecessor-version":[{"id":1045,"href":"https:\/\/footlooselinedancers.dk\/index.php\/wp-json\/wp\/v2\/pages\/159\/revisions\/1045"}],"wp:attachment":[{"href":"https:\/\/footlooselinedancers.dk\/index.php\/wp-json\/wp\/v2\/media?parent=159"}],"curies":[{"name":"wp","href":"https:\/\/api.w.org\/{rel}","templated":true}]}}