{"id":128,"date":"2020-10-28T12:34:40","date_gmt":"2020-10-28T11:34:40","guid":{"rendered":"http:\/\/footlooselinedancers.dk\/?page_id=128"},"modified":"2026-02-28T20:09:15","modified_gmt":"2026-02-28T19:09:15","slug":"vedtaegter","status":"publish","type":"page","link":"https:\/\/footlooselinedancers.dk\/index.php\/vedtaegter\/","title":{"rendered":"Vedt\u00e6gter"},"content":{"rendered":"\n<h2 class=\"wp-block-heading\">Vedt\u00e6gter i Footloose Linedancers<\/h2>\n\n\n\n<h3 class=\"wp-block-heading\"><strong>\u00a7 1 Navn og hjemsted<\/strong><\/h3>\n\n\n\n<p>Footloose \u2013 Linedancers, 7400 Herning, er stiftet ved generalforsamling den 01.06.2011. <br>Foreningen har hjemsted i Herning kommune.&nbsp;<\/p>\n\n\n\n<h3 class=\"wp-block-heading\"><strong>\u00a7 2 Foreningens form\u00e5l<\/strong><\/h3>\n\n\n\n<p>Foreningens form\u00e5l er at give mulighed for at dyrke linedance, og gennem ud\u00f8velse af denne idr\u00e6t og andre tilh\u00f8rende kulturelle aktiviteter, at fremme den enkeltes sundhed og trivsel, samt sammenholdet i lokalomr\u00e5det.&nbsp;<\/p>\n\n\n\n<h3 class=\"wp-block-heading\"><strong>\u00a7 3 Medlemmer<\/strong><\/h3>\n\n\n\n<p>Som aktivt medlem optages enhver, som kan tilslutte sig foreningens form\u00e5l. Et medlem kan udelukkes, s\u00e5fremt vedkommende handler til skade for foreningen.&nbsp;<\/p>\n\n\n\n<p>Det udelukkede medlem kan anke afg\u00f8relsen p\u00e5 f\u00f8rstkommende generalforsamling.&nbsp;<\/p>\n\n\n\n<h3 class=\"wp-block-heading\"><strong>\u00a7 4 Ind- og udmeldelse<\/strong><\/h3>\n\n\n\n<p>Indmeldelse sker automatisk vel tilmelding til en af foreningens aktiviteter.&nbsp;&nbsp;<\/p>\n\n\n\n<p>Indmeldelse er bindende for en hel kontingentperiode. Kontingentperioden f\u00f8lger danses\u00e6sonen som fasts\u00e6ttes af bestyrelsen.&nbsp;<\/p>\n\n\n\n<p>Udmeldelse sker automatisk ved kontingentperiodens oph\u00f8r. Dersom et medlem i denne situation skylder kontingent, kan ny optagelse i foreningen kun ske, n\u00e5r det tidligere skyldige kontingent er betalt.&nbsp;<\/p>\n\n\n\n<h3 class=\"wp-block-heading\"><strong>\u00a7 5 Kontingent<\/strong><\/h3>\n\n\n\n<p>Der betales et \u00e5rligt kontingent som fasts\u00e6ttes p\u00e5 den \u00e5rlige generalforsamling.&nbsp;<\/p>\n\n\n\n<h3 class=\"wp-block-heading\"><strong>\u00a7 6 Valg af bestyrelse<\/strong><\/h3>\n\n\n\n<p>Bestyrelsen best\u00e5r af 3 medlemmer og er foreningens daglige ledelse. Bestyrelsen v\u00e6lges p\u00e5 den \u00e5rlige generalforsamling. 1 ud af 3 er p\u00e5 valg i lige \u00e5r og 2 ud af 3 i ulige \u00e5r. Formand og kasserer (skal v\u00e6re myndig) er ikke p\u00e5 valg samme \u00e5r. Bestyrelsen kan neds\u00e6tte ad hoc udvalg og har ansvaret for ans\u00e6ttelse og afskedigelse af instrukt\u00f8rer.&nbsp;<\/p>\n\n\n\n<p>Bestyrelsesmedlemmer som v\u00e6lges ind i bestyrelsen i en anden linedanceforening, udtr\u00e6der af loyalitetshensyn omg\u00e5ende fra bestyrelsesposten i Footloose Linedancers.&nbsp;<\/p>\n\n\n\n<h3 class=\"wp-block-heading\"><strong>\u00a7 7 Generalforsamlingen<\/strong><\/h3>\n\n\n\n<p>Foreningen afholder generalforsamling hvert \u00e5r inden s\u00e6sonafslutning.&nbsp;<\/p>\n\n\n\n<p>Indkaldelse til generalforsamlingen skal ske p\u00e5 foreningens hjemmeside, eller p\u00e5 andre medier for foreningens medlemmer.&nbsp;&nbsp;<\/p>\n\n\n\n<p>Indkaldelse skal ske senest 2 uger inden afholdelse af generalforsamlingen.&nbsp;<\/p>\n\n\n\n<p>Alle medlemmer kan deltage p\u00e5 generalforsamlingen. Alle aktive medlemmer, som ikke er i restance til foreningen har stemmeret og er valgbar (dog kr\u00e6ves det at formand og kasserer er myndig). Der kan ikke stemmes ved fuldmagt.&nbsp;<\/p>\n\n\n\n<p>Medlemmer som er valgt til bestyrelsen i en anden linedanceforening, er af loyalitetshensyn ikke valgbare til bestyrelsen.&nbsp;<\/p>\n\n\n\n<p>Generalforsamling kan, hvis enten den siddende bestyrelse eller generalforsamlingen (ved almindeligt flertal) \u00f8nsker det, v\u00e6lge et antal suppleanter til bestyrelsen.&nbsp;<\/p>\n\n\n\n<p>Forslag, der \u00f8nskes behandlet, skal v\u00e6re tilsendt formanden senest \u00e9n uge f\u00f8r generalforsamlingen.&nbsp;&nbsp;<\/p>\n\n\n\n<p>Der laves skriftligt referat af generalforsamlingen.&nbsp;<\/p>\n\n\n\n<p>Ved helt ekstraordin\u00e6re samfundsforhold hvor det er umuligt at afholde ordin\u00e6r generalforsamling iflg. Vedt\u00e6gterne, kan bestyrelsen beslutte at afholde generalforsamlingen digitalt.&nbsp;<\/p>\n\n\n\n<h3 class=\"wp-block-heading\"><strong>\u00a7 8 Dagsorden for generalforsamlingen<\/strong><\/h3>\n\n\n\n<ol style=\"list-style-type:1\" class=\"wp-block-list\">\n<li>Valg af dirigent og stemmet\u00e6llere&nbsp;&nbsp;<\/li>\n\n\n\n<li>Formandens beretning freml\u00e6gges til godkendelse&nbsp;&nbsp;<\/li>\n\n\n\n<li>Kassereren freml\u00e6gger det reviderede regnskab og det kommende \u00e5rs budget&nbsp;&nbsp;&nbsp;<\/li>\n\n\n\n<li>Fasts\u00e6ttelse af kontingent&nbsp;&nbsp;&nbsp;&nbsp;<\/li>\n\n\n\n<li>Indkomne forslag til vedt\u00e6gts\u00e6ndringer&nbsp;<\/li>\n\n\n\n<li>Indkomne forslag til debat&nbsp;<\/li>\n\n\n\n<li>Valg af&nbsp;&nbsp;<br>a. Bestyrelsesmedlemmer&nbsp;&nbsp;<br>b. evt. valg af suppleant&nbsp;&nbsp;<br>c. 1 Revisor og 1 revisorsuppleant&nbsp;&nbsp;<\/li>\n\n\n\n<li>Generalforsamlingen godkender budgettet&nbsp;<\/li>\n\n\n\n<li>Evt.&nbsp;&nbsp;<\/li>\n<\/ol>\n\n\n\n<h3 class=\"wp-block-heading\"><strong>\u00a7 9 Valg<\/strong><\/h3>\n\n\n\n<p>Alle afstemninger afg\u00f8res ved stemmeflertal.&nbsp;<\/p>\n\n\n\n<p>Ved personlige valg skal afstemningen v\u00e6re skriftlig, hvis der er flere kandidater.&nbsp;<\/p>\n\n\n\n<p>\u00d8vrige afstemninger skal foretages ved h\u00e5ndsopr\u00e6kning, men skal dog afg\u00f8res skriftligt, hvis blot 5 medlemmer \u00f8nsker det.&nbsp;<\/p>\n\n\n\n<h3 class=\"wp-block-heading\"><strong>\u00a7 10 Ekstraordin\u00e6r generalforsamling&nbsp;&nbsp;&nbsp;&nbsp;&nbsp;&nbsp;&nbsp;<\/strong><\/h3>\n\n\n\n<p>Kan til enhver tid indkaldes af bestyrelsen og skal indkaldes, n\u00e5r min. 1\/5 af foreningens stemmeberettigede medlemmer skriftligt overfor bestyrelsen frems\u00e6tter \u00f8nske herom med angivelse af det emne, som \u00f8nskes behandlet.&nbsp;&nbsp;<\/p>\n\n\n\n<p>Krav til indkaldelse f\u00f8lger samme bestemmelser som for den ordin\u00e6re generalforsamling.&nbsp;<\/p>\n\n\n\n<p>Der udarbejdes ikke dagsorden til ekstraordin\u00e6r generalforsamling. Den ekstraordin\u00e6re generalforsamling behandler alene det emne som er \u00e5rsag til at den er indkaldt.&nbsp;<\/p>\n\n\n\n<h3 class=\"wp-block-heading\"><strong>\u00a7 11  Tegning og h\u00e6ftelse&nbsp;&nbsp;&nbsp;&nbsp;&nbsp;&nbsp;&nbsp;<\/strong><\/h3>\n\n\n\n<p>Foreningens medlemmer \u2013 herunder bestyrelsen \u2013 h\u00e6fter ikke personligt for de af foreningen indg\u00e5ede forpligtelser. Der h\u00e6ftes alene ved foreningens respektive formue.&nbsp;<\/p>\n\n\n\n<p>Foreningen tegnes af formanden og kassereren eller ved en af disses forfald af formanden eller kassereren i forening med et andet bestyrelsesmedlem.&nbsp;&nbsp;<\/p>\n\n\n\n<p>Ved k\u00f8b under 1000 kroner kan kassereren alene underskrive.&nbsp;<\/p>\n\n\n\n<p>Regnskabs\u00e5ret l\u00f8ber fra 1\/1 til 31\/12.&nbsp;<\/p>\n\n\n\n<h3 class=\"wp-block-heading\"><strong>\u00a7 12 Vedt\u00e6gts\u00e6ndringer<\/strong><\/h3>\n\n\n\n<p>\u00c6ndringsforslag skal v\u00e6re bestyrelsen i h\u00e6nde senest en uge inden generalforsamlingens afholdelse.&nbsp;<\/p>\n\n\n\n<p>\u00c6ndring af foreningens vedt\u00e6gt kan ske p\u00e5 enhver generalforsamling, n\u00e5r mindst 2\/3 af de afgivne stemmer er for forslaget.&nbsp;<\/p>\n\n\n\n<p>\u00c6ndring af form\u00e5ls og opl\u00f8sningsparagraf kr\u00e6ver et kvalificeret flertal jf. \u00a7 13&nbsp;<\/p>\n\n\n\n<h3 class=\"wp-block-heading\"><strong>\u00a7 13 Foreningens opl\u00f8sning<\/strong><\/h3>\n\n\n\n<p>Bestemmelse om foreningens opl\u00f8sning kan kun tages p\u00e5 en i dette \u00f8jemed s\u00e6rligt indkaldt ekstraordin\u00e6r generalforsamling. For at denne er beslutningsdygtig kr\u00e6ves at min. 2\/3 af foreningens stemmeberettigede medlemmer er til stede. For at forslaget kan vedtages, kr\u00e6ves at min. 2\/3 af de afgivne stemmer er for forslaget. Opn\u00e5s et s\u00e5dan flertal p\u00e5 en generalforsamling, der ikke er beslutningsdygtig, indkaldes til ny generalforsamling, hvor beslutning an tr\u00e6ffes med ovenn\u00e6vnte stemmeflerhed, uanset antal stemmeberettigede medlemmer, der er til stede.&nbsp;<\/p>\n\n\n\n<p>P\u00e5 generalforsamlingen skal samtidig tr\u00e6ffes bestemmelse om, hvilket almennyttigt form\u00e5l i Herning Kommune, foreningens evt. formue skal overg\u00e5 til.&nbsp;<\/p>\n\n\n\n<p><strong>Revideret p\u00e5 ordin\u00e6r generalforsamling 01-03-2023<\/strong>&nbsp;<\/p>\n\n\n\n<div class=\"wp-block-buttons is-layout-flex wp-block-buttons-is-layout-flex\">\n<div class=\"wp-block-button\"><a class=\"wp-block-button__link wp-element-button\" href=\"https:\/\/footlooselinedancers.dk\/index.php\/kurv\/?add-to-cart=5759\">Bliv medlem af footloose<\/a><\/div>\n<\/div>\n\n\n\n<div class=\"wp-block-timed-vblck-timed-visibility-block\">\n<div class=\"wp-block-buttons is-layout-flex wp-block-buttons-is-layout-flex\">\n<div class=\"wp-block-button\"><a class=\"wp-block-button__link wp-element-button\">Test &#8211; Forsvinder den 1\/3<\/a><\/div>\n<\/div>\n<\/div>\n","protected":false},"excerpt":{"rendered":"<p>Vedt\u00e6gter i Footloose Linedancers \u00a7 1 Navn og hjemsted Footloose \u2013 Linedancers, 7400 Herning, er stiftet ved generalforsamling den 01.06.2011. Foreningen har hjemsted i Herning kommune.&nbsp; \u00a7 2 Foreningens form\u00e5l Foreningens form\u00e5l er at give mulighed for at dyrke linedance, og gennem ud\u00f8velse af denne idr\u00e6t og andre tilh\u00f8rende kulturelle [&hellip;]<\/p>\n","protected":false},"author":1,"featured_media":0,"parent":0,"menu_order":0,"comment_status":"closed","ping_status":"closed","template":"","meta":{"_acf_changed":false,"ngg_post_thumbnail":0,"footnotes":""},"class_list":["post-128","page","type-page","status-publish","hentry"],"acf":[],"yoast_head":"<!-- This site is optimized with the Yoast SEO plugin v27.3 - https:\/\/yoast.com\/product\/yoast-seo-wordpress\/ -->\n<title>Vedt\u00e6gter - Footloose Linedancers<\/title>\n<meta name=\"robots\" content=\"index, follow, max-snippet:-1, max-image-preview:large, max-video-preview:-1\" \/>\n<link rel=\"canonical\" href=\"https:\/\/footlooselinedancers.dk\/index.php\/vedtaegter\/\" \/>\n<meta property=\"og:locale\" content=\"da_DK\" \/>\n<meta property=\"og:type\" content=\"article\" \/>\n<meta property=\"og:title\" content=\"Vedt\u00e6gter - Footloose Linedancers\" \/>\n<meta property=\"og:description\" content=\"Vedt\u00e6gter i Footloose Linedancers \u00a7 1 Navn og hjemsted Footloose \u2013 Linedancers, 7400 Herning, er stiftet ved generalforsamling den 01.06.2011. Foreningen har hjemsted i Herning kommune.&nbsp; \u00a7 2 Foreningens form\u00e5l Foreningens form\u00e5l er at give mulighed for at dyrke linedance, og gennem ud\u00f8velse af denne idr\u00e6t og andre tilh\u00f8rende kulturelle [&hellip;]\" \/>\n<meta property=\"og:url\" content=\"https:\/\/footlooselinedancers.dk\/index.php\/vedtaegter\/\" \/>\n<meta property=\"og:site_name\" content=\"Footloose Linedancers\" \/>\n<meta property=\"article:modified_time\" content=\"2026-02-28T19:09:15+00:00\" \/>\n<meta name=\"twitter:card\" content=\"summary_large_image\" \/>\n<meta name=\"twitter:label1\" content=\"Estimeret l\u00e6setid\" \/>\n\t<meta name=\"twitter:data1\" content=\"5 minutter\" \/>\n<script type=\"application\/ld+json\" class=\"yoast-schema-graph\">{\"@context\":\"https:\\\/\\\/schema.org\",\"@graph\":[{\"@type\":\"WebPage\",\"@id\":\"https:\\\/\\\/footlooselinedancers.dk\\\/index.php\\\/vedtaegter\\\/\",\"url\":\"https:\\\/\\\/footlooselinedancers.dk\\\/index.php\\\/vedtaegter\\\/\",\"name\":\"Vedt\u00e6gter - Footloose Linedancers\",\"isPartOf\":{\"@id\":\"http:\\\/\\\/footlooselinedancers.dk\\\/#website\"},\"datePublished\":\"2020-10-28T11:34:40+00:00\",\"dateModified\":\"2026-02-28T19:09:15+00:00\",\"breadcrumb\":{\"@id\":\"https:\\\/\\\/footlooselinedancers.dk\\\/index.php\\\/vedtaegter\\\/#breadcrumb\"},\"inLanguage\":\"da-DK\",\"potentialAction\":[{\"@type\":\"ReadAction\",\"target\":[\"https:\\\/\\\/footlooselinedancers.dk\\\/index.php\\\/vedtaegter\\\/\"]}]},{\"@type\":\"BreadcrumbList\",\"@id\":\"https:\\\/\\\/footlooselinedancers.dk\\\/index.php\\\/vedtaegter\\\/#breadcrumb\",\"itemListElement\":[{\"@type\":\"ListItem\",\"position\":1,\"name\":\"Hjem\",\"item\":\"https:\\\/\\\/footlooselinedancers.dk\\\/\"},{\"@type\":\"ListItem\",\"position\":2,\"name\":\"Vedt\u00e6gter\"}]},{\"@type\":\"WebSite\",\"@id\":\"http:\\\/\\\/footlooselinedancers.dk\\\/#website\",\"url\":\"http:\\\/\\\/footlooselinedancers.dk\\\/\",\"name\":\"Footloose Linedancers\",\"description\":\"LINEDANCE I HERNING\",\"publisher\":{\"@id\":\"http:\\\/\\\/footlooselinedancers.dk\\\/#organization\"},\"potentialAction\":[{\"@type\":\"SearchAction\",\"target\":{\"@type\":\"EntryPoint\",\"urlTemplate\":\"http:\\\/\\\/footlooselinedancers.dk\\\/?s={search_term_string}\"},\"query-input\":{\"@type\":\"PropertyValueSpecification\",\"valueRequired\":true,\"valueName\":\"search_term_string\"}}],\"inLanguage\":\"da-DK\"},{\"@type\":\"Organization\",\"@id\":\"http:\\\/\\\/footlooselinedancers.dk\\\/#organization\",\"name\":\"Footloose Linedancers\",\"url\":\"http:\\\/\\\/footlooselinedancers.dk\\\/\",\"logo\":{\"@type\":\"ImageObject\",\"inLanguage\":\"da-DK\",\"@id\":\"http:\\\/\\\/footlooselinedancers.dk\\\/#\\\/schema\\\/logo\\\/image\\\/\",\"url\":\"https:\\\/\\\/footlooselinedancers.dk\\\/wp-content\\\/uploads\\\/2023\\\/06\\\/Footloose_-_logo_-_hjemmeside-removebg-preview.png\",\"contentUrl\":\"https:\\\/\\\/footlooselinedancers.dk\\\/wp-content\\\/uploads\\\/2023\\\/06\\\/Footloose_-_logo_-_hjemmeside-removebg-preview.png\",\"width\":150,\"height\":100,\"caption\":\"Footloose Linedancers\"},\"image\":{\"@id\":\"http:\\\/\\\/footlooselinedancers.dk\\\/#\\\/schema\\\/logo\\\/image\\\/\"}}]}<\/script>\n<!-- \/ Yoast SEO plugin. -->","yoast_head_json":{"title":"Vedt\u00e6gter - Footloose Linedancers","robots":{"index":"index","follow":"follow","max-snippet":"max-snippet:-1","max-image-preview":"max-image-preview:large","max-video-preview":"max-video-preview:-1"},"canonical":"https:\/\/footlooselinedancers.dk\/index.php\/vedtaegter\/","og_locale":"da_DK","og_type":"article","og_title":"Vedt\u00e6gter - Footloose Linedancers","og_description":"Vedt\u00e6gter i Footloose Linedancers \u00a7 1 Navn og hjemsted Footloose \u2013 Linedancers, 7400 Herning, er stiftet ved generalforsamling den 01.06.2011. Foreningen har hjemsted i Herning kommune.&nbsp; \u00a7 2 Foreningens form\u00e5l Foreningens form\u00e5l er at give mulighed for at dyrke linedance, og gennem ud\u00f8velse af denne idr\u00e6t og andre tilh\u00f8rende kulturelle [&hellip;]","og_url":"https:\/\/footlooselinedancers.dk\/index.php\/vedtaegter\/","og_site_name":"Footloose Linedancers","article_modified_time":"2026-02-28T19:09:15+00:00","twitter_card":"summary_large_image","twitter_misc":{"Estimeret l\u00e6setid":"5 minutter"},"schema":{"@context":"https:\/\/schema.org","@graph":[{"@type":"WebPage","@id":"https:\/\/footlooselinedancers.dk\/index.php\/vedtaegter\/","url":"https:\/\/footlooselinedancers.dk\/index.php\/vedtaegter\/","name":"Vedt\u00e6gter - Footloose Linedancers","isPartOf":{"@id":"http:\/\/footlooselinedancers.dk\/#website"},"datePublished":"2020-10-28T11:34:40+00:00","dateModified":"2026-02-28T19:09:15+00:00","breadcrumb":{"@id":"https:\/\/footlooselinedancers.dk\/index.php\/vedtaegter\/#breadcrumb"},"inLanguage":"da-DK","potentialAction":[{"@type":"ReadAction","target":["https:\/\/footlooselinedancers.dk\/index.php\/vedtaegter\/"]}]},{"@type":"BreadcrumbList","@id":"https:\/\/footlooselinedancers.dk\/index.php\/vedtaegter\/#breadcrumb","itemListElement":[{"@type":"ListItem","position":1,"name":"Hjem","item":"https:\/\/footlooselinedancers.dk\/"},{"@type":"ListItem","position":2,"name":"Vedt\u00e6gter"}]},{"@type":"WebSite","@id":"http:\/\/footlooselinedancers.dk\/#website","url":"http:\/\/footlooselinedancers.dk\/","name":"Footloose Linedancers","description":"LINEDANCE I HERNING","publisher":{"@id":"http:\/\/footlooselinedancers.dk\/#organization"},"potentialAction":[{"@type":"SearchAction","target":{"@type":"EntryPoint","urlTemplate":"http:\/\/footlooselinedancers.dk\/?s={search_term_string}"},"query-input":{"@type":"PropertyValueSpecification","valueRequired":true,"valueName":"search_term_string"}}],"inLanguage":"da-DK"},{"@type":"Organization","@id":"http:\/\/footlooselinedancers.dk\/#organization","name":"Footloose Linedancers","url":"http:\/\/footlooselinedancers.dk\/","logo":{"@type":"ImageObject","inLanguage":"da-DK","@id":"http:\/\/footlooselinedancers.dk\/#\/schema\/logo\/image\/","url":"https:\/\/footlooselinedancers.dk\/wp-content\/uploads\/2023\/06\/Footloose_-_logo_-_hjemmeside-removebg-preview.png","contentUrl":"https:\/\/footlooselinedancers.dk\/wp-content\/uploads\/2023\/06\/Footloose_-_logo_-_hjemmeside-removebg-preview.png","width":150,"height":100,"caption":"Footloose Linedancers"},"image":{"@id":"http:\/\/footlooselinedancers.dk\/#\/schema\/logo\/image\/"}}]}},"_links":{"self":[{"href":"https:\/\/footlooselinedancers.dk\/index.php\/wp-json\/wp\/v2\/pages\/128","targetHints":{"allow":["GET"]}}],"collection":[{"href":"https:\/\/footlooselinedancers.dk\/index.php\/wp-json\/wp\/v2\/pages"}],"about":[{"href":"https:\/\/footlooselinedancers.dk\/index.php\/wp-json\/wp\/v2\/types\/page"}],"author":[{"embeddable":true,"href":"https:\/\/footlooselinedancers.dk\/index.php\/wp-json\/wp\/v2\/users\/1"}],"replies":[{"embeddable":true,"href":"https:\/\/footlooselinedancers.dk\/index.php\/wp-json\/wp\/v2\/comments?post=128"}],"version-history":[{"count":16,"href":"https:\/\/footlooselinedancers.dk\/index.php\/wp-json\/wp\/v2\/pages\/128\/revisions"}],"predecessor-version":[{"id":5798,"href":"https:\/\/footlooselinedancers.dk\/index.php\/wp-json\/wp\/v2\/pages\/128\/revisions\/5798"}],"wp:attachment":[{"href":"https:\/\/footlooselinedancers.dk\/index.php\/wp-json\/wp\/v2\/media?parent=128"}],"curies":[{"name":"wp","href":"https:\/\/api.w.org\/{rel}","templated":true}]}}